{"id":976,"date":"2026-01-19T21:31:57","date_gmt":"2026-01-19T20:31:57","guid":{"rendered":"https:\/\/menopause.projecttac.com\/?page_id=976"},"modified":"2026-01-19T21:50:10","modified_gmt":"2026-01-19T20:50:10","slug":"impressum","status":"publish","type":"page","link":"https:\/\/menopause.projecttac.com\/fr\/impressum\/","title":{"rendered":"Impressum"},"content":{"rendered":"\n<div class=\"wp-block-group has-global-padding is-layout-constrained wp-block-group-is-layout-constrained\" style=\"margin-top:0;margin-bottom:var(--wp--preset--spacing--50)\">\n<h3 class=\"wp-block-heading\">Domaininhaber<\/h3>\n\n\n\n<p><strong>Schweizerische Gesellschaft f\u00fcr Gyn\u00e4kologische Endokrinologie, Kontrazeption und Menopause<\/strong><br>c\/o Dr. med. Margarethe Rossmanith-Halder<br>Rotfluhstrasse 9<br>8702 Zollikon (Z\u00fcrich)<\/p>\n<\/div>\n\n\n\n<div class=\"wp-block-group has-global-padding is-layout-constrained wp-block-group-is-layout-constrained\" style=\"margin-top:0;margin-bottom:var(--wp--preset--spacing--50)\">\n<h3 class=\"wp-block-heading\">Administration<\/h3>\n\n\n\n<p><strong>Schweizerische Gesellschaft f\u00fcr Gyn\u00e4kologische Endokrinologie, Kontrazeption und Menopause<\/strong><br>Administration<br>c\/o SoftconsuLt<br>Frau Anne Becker<br>Wei\u00dfdornweg 17<br>D-35041 Marburg\/Lahn<\/p>\n<\/div>\n\n\n\n<div class=\"wp-block-group has-global-padding is-layout-constrained wp-block-group-is-layout-constrained\" style=\"margin-top:0;margin-bottom:var(--wp--preset--spacing--50)\">\n<h3 class=\"wp-block-heading\">Gestaltung &#038; CMS<\/h3>\n\n\n\n<p>THERAPY INFOSYS GmbH<br>Dr. Josef-L\u00f6scher-Weg 19<br>4770 Andorf<br>weidlinger@therapy-infosys.at<br>+43 660 2124082<br><a href=\"https:\/\/www.therapy-infosys.at\">www.therapy-infosys.at<\/a><\/p>\n<\/div>\n\n\n\n<div style=\"height:32px\" aria-hidden=\"true\" class=\"wp-block-spacer\"><\/div>\n\n\n\n<h1 class=\"wp-block-heading\">Rechtliches<\/h1>\n\n\n\n<div class=\"wp-block-group has-global-padding is-layout-constrained wp-block-group-is-layout-constrained\" style=\"margin-bottom:var(--wp--preset--spacing--50)\">\n<h3 class=\"wp-block-heading\">Haftungsausschluss<\/h3>\n\n\n\n<p>Der Domaininhaber \u00fcbernimmt keine Gew\u00e4hr hinsichtlich der Korrektheit, Genauigkeit, Aktualit\u00e4t, Zuverl\u00e4ssigkeit und Vollst\u00e4ndigkeit der Informationen auf dieser Website.<br>Haftungsanspr\u00fcche gegen den Domaininhaber wegen Sch\u00e4den materieller oder immaterieller Art, welche aus dem Zugriff oder der Nutzung bzw. Nichtnutzung dieser Informationen, durch Missbrauch oder durch technische St\u00f6rungen entstanden sind, werden ausgeschlossen.<br>Alle Angebote sind unverbindlich. Der Domaininhaber beh\u00e4lt sich vor, Teile der Seiten oder das gesamte Angebot ohne Ank\u00fcndigung zu ver\u00e4ndern, zu erg\u00e4nzen, zu l\u00f6schen oder die Ver\u00f6ffentlichung zeitweise oder endg\u00fcltig einzustellen.<br>Verweise und Links auf Webseiten Dritter liegen ausserhalb des Verantwortungsbereichs des Domaininhabers. Der Zugriff und die Nutzung erfolgen auf eigene Gefahr.<br><\/p>\n<\/div>\n\n\n\n<div class=\"wp-block-group has-global-padding is-layout-constrained wp-block-group-is-layout-constrained\" style=\"margin-bottom:var(--wp--preset--spacing--50)\">\n<h3 class=\"wp-block-heading\">Urheberrechte<\/h3>\n\n\n\n<p>Die Urheberrechte sowie alle weiteren Rechte an Inhalten, Bildern, Videos oder anderen Dateien auf dieser Website geh\u00f6ren \u2013 soweit nicht anders vermerkt \u2013 dem Domaininhaber. Die Verwendung oder Verbreitung jeglicher Elemente ist nur mit vorheriger schriftlicher Zustimmung erlaubt.<br><\/p>\n<\/div>\n","protected":false},"excerpt":{"rendered":"<p>Domaininhaber Schweizerische Gesellschaft f\u00fcr Gyn\u00e4kologische Endokrinologie, Kontrazeption und Menopausec\/o Dr. med. Margarethe Rossmanith-HalderRotfluhstrasse 98702 Zollikon (Z\u00fcrich) Administration Schweizerische Gesellschaft f\u00fcr Gyn\u00e4kologische Endokrinologie, Kontrazeption und MenopauseAdministrationc\/o SoftconsuLtFrau Anne BeckerWei\u00dfdornweg 17D-35041 Marburg\/Lahn Gestaltung &#038; CMS THERAPY INFOSYS GmbHDr. Josef-L\u00f6scher-Weg 194770 Andorfweidlinger@therapy-infosys.at+43 660 2124082www.therapy-infosys.at Rechtliches Haftungsausschluss Der Domaininhaber \u00fcbernimmt keine Gew\u00e4hr hinsichtlich der Korrektheit, Genauigkeit, Aktualit\u00e4t, Zuverl\u00e4ssigkeit und [&hellip;]<\/p>\n","protected":false},"author":2,"featured_media":0,"parent":0,"menu_order":9000,"comment_status":"closed","ping_status":"closed","template":"","meta":{"footnotes":""},"class_list":["post-976","page","type-page","status-publish","hentry"],"_links":{"self":[{"href":"https:\/\/menopause.projecttac.com\/fr\/wp-json\/wp\/v2\/pages\/976","targetHints":{"allow":["GET"]}}],"collection":[{"href":"https:\/\/menopause.projecttac.com\/fr\/wp-json\/wp\/v2\/pages"}],"about":[{"href":"https:\/\/menopause.projecttac.com\/fr\/wp-json\/wp\/v2\/types\/page"}],"author":[{"embeddable":true,"href":"https:\/\/menopause.projecttac.com\/fr\/wp-json\/wp\/v2\/users\/2"}],"replies":[{"embeddable":true,"href":"https:\/\/menopause.projecttac.com\/fr\/wp-json\/wp\/v2\/comments?post=976"}],"version-history":[{"count":6,"href":"https:\/\/menopause.projecttac.com\/fr\/wp-json\/wp\/v2\/pages\/976\/revisions"}],"predecessor-version":[{"id":1008,"href":"https:\/\/menopause.projecttac.com\/fr\/wp-json\/wp\/v2\/pages\/976\/revisions\/1008"}],"wp:attachment":[{"href":"https:\/\/menopause.projecttac.com\/fr\/wp-json\/wp\/v2\/media?parent=976"}],"curies":[{"name":"wp","href":"https:\/\/api.w.org\/{rel}","templated":true}]}}