{"id":75,"date":"2024-12-12T15:24:30","date_gmt":"2024-12-12T14:24:30","guid":{"rendered":"https:\/\/menopause.projecttac.com\/?page_id=75"},"modified":"2026-01-31T23:22:27","modified_gmt":"2026-01-31T22:22:27","slug":"ueber-uns","status":"publish","type":"page","link":"https:\/\/menopause.projecttac.com\/fr\/ueber-uns\/","title":{"rendered":"\u00dcber uns"},"content":{"rendered":"\n<div class=\"wp-block-group alignfull is-style-section-2 has-accent-5-background-color has-background has-large-font-size has-global-padding is-content-justification-center is-layout-constrained wp-container-core-group-is-layout-abc9cd00 wp-block-group-is-layout-constrained is-style-section-2--1\" style=\"margin-top:0;margin-bottom:0;padding-top:var(--wp--preset--spacing--80);padding-right:0;padding-bottom:var(--wp--preset--spacing--80);padding-left:0;background-image:url(&apos;https:\/\/menopause.projecttac.com\/wp-content\/uploads\/2026\/01\/AdobeStock_677091283-scaled.jpeg&apos;);background-position:49% 42%;background-size:cover;background-attachment:scroll;\">\n<div style=\"height:280px\" aria-hidden=\"true\" class=\"wp-block-spacer\"><\/div>\n<\/div>\n\n\n\n<div class=\"wp-block-group alignfull is-style-default has-large-font-size has-global-padding is-content-justification-center is-layout-constrained wp-container-core-group-is-layout-7c597787 wp-block-group-is-layout-constrained\" style=\"padding-top:var(--wp--preset--spacing--60);padding-bottom:var(--wp--preset--spacing--60)\">\n<h1 class=\"wp-block-heading\">\u00c0 propos de nous<\/h1>\n\n\n\n<div class=\"wp-block-columns is-layout-flex wp-container-core-columns-is-layout-28f84493 wp-block-columns-is-layout-flex\">\n<div class=\"wp-block-column is-layout-flow wp-block-column-is-layout-flow\">\n<figure class=\"wp-block-image alignleft size-large is-resized has-custom-border is-style-default\"><img loading=\"lazy\" decoding=\"async\" width=\"1024\" height=\"1024\" src=\"https:\/\/menopause.projecttac.com\/wp-content\/uploads\/2026\/01\/SGEM-Logo-1024x1024.jpg\" alt=\"\" class=\"has-border-color has-accent-3-border-color wp-image-608\" style=\"border-width:2px;border-top-left-radius:30px;border-top-right-radius:30px;border-bottom-left-radius:30px;border-bottom-right-radius:30px;width:425px;height:auto\" srcset=\"https:\/\/menopause.projecttac.com\/wp-content\/uploads\/2026\/01\/SGEM-Logo-1024x1024.jpg 1024w, https:\/\/menopause.projecttac.com\/wp-content\/uploads\/2026\/01\/SGEM-Logo-300x300.jpg 300w, https:\/\/menopause.projecttac.com\/wp-content\/uploads\/2026\/01\/SGEM-Logo-150x150.jpg 150w, https:\/\/menopause.projecttac.com\/wp-content\/uploads\/2026\/01\/SGEM-Logo-768x768.jpg 768w, https:\/\/menopause.projecttac.com\/wp-content\/uploads\/2026\/01\/SGEM-Logo.jpg 1198w\" sizes=\"auto, (max-width: 1024px) 100vw, 1024px\" \/><\/figure>\n<\/div>\n\n\n\n<div class=\"wp-block-column is-layout-flow wp-block-column-is-layout-flow\">\n<p class=\"has-text-align-left has-large-font-size\" style=\"border-top-left-radius:0px;border-top-right-radius:0px;border-bottom-left-radius:0px;border-bottom-right-radius:0px;padding-top:0;padding-right:0;padding-bottom:0;padding-left:0\">La <strong>Soci\u00e9t\u00e9 suisse d&rsquo;endocrinologie gyn\u00e9cologique, de contraception et de m\u00e9nopause (SSEGM)<\/strong> est une soci\u00e9t\u00e9 scientifique suisse qui s&rsquo;int\u00e9resse \u00e0 la sant\u00e9 hormonale des femmes \u00e0 toutes les \u00e9tapes de leur vie.<\/p>\n\n\n\n<p class=\"has-text-align-left has-large-font-size\" style=\"border-top-left-radius:0px;border-top-right-radius:0px;border-bottom-left-radius:0px;border-bottom-right-radius:0px;padding-top:0;padding-right:0;padding-bottom:0;padding-left:0\">Elle r\u00e9unit des m\u00e9decins et d&rsquo;autres professionnels de la sant\u00e9 qui exercent dans des cliniques, des cabinets m\u00e9dicaux, la recherche et l&rsquo;enseignement dans ces domaines.<\/p>\n<\/div>\n<\/div>\n<\/div>\n\n\n\n<div class=\"wp-block-group alignfull is-style-section-1 has-background has-large-font-size has-global-padding is-content-justification-center is-layout-constrained wp-container-core-group-is-layout-d92c09d0 wp-block-group-is-layout-constrained is-style-section-1--2\" style=\"background-color:#ebebeb;margin-top:0;margin-bottom:0;padding-top:var(--wp--preset--spacing--60);padding-bottom:var(--wp--preset--spacing--60)\">\n<h2 class=\"wp-block-heading\">Histoire et \u00e9volution<\/h2>\n\n\n\n<p>La <strong>Soci\u00e9t\u00e9 suisse de m\u00e9nopause <\/strong>a \u00e9t\u00e9 fond\u00e9e <strong>le 3 d\u00e9cembre 1994<\/strong>. Son objectif \u00e9tait de cr\u00e9er une plateforme scientifique pour les professionnels de la recherche, de l&rsquo;enseignement et de la pratique clinique s&rsquo;int\u00e9ressant \u00e0 la m\u00e9nopause.<\/p>\n\n\n\n<p>Avec l&rsquo;\u00e9largissement progressif de ses th\u00e8mes au-del\u00e0 de la m\u00e9nopause, elle a \u00e9t\u00e9 rebaptis\u00e9e <strong>Soci\u00e9t\u00e9 suisse d&rsquo;endocrinologie gyn\u00e9cologique et de la m\u00e9nopause<\/strong> le <strong>14 janvier 2021<\/strong>.<\/p>\n\n\n\n<p>Le <strong>10 janvier 2024,<\/strong> la soci\u00e9t\u00e9 a connu une nouvelle extension structurelle: la commission Contraception, qui relevait auparavant de la Soci\u00e9t\u00e9 suisse de m\u00e9decine reproductive, a \u00e9t\u00e9 int\u00e9gr\u00e9e \u00e0 la SSME et fait d\u00e9sormais partie int\u00e9grante de la soci\u00e9t\u00e9. Depuis, la soci\u00e9t\u00e9 porte le nom de <strong>Soci\u00e9t\u00e9 suisse d&rsquo;endocrinologie gyn\u00e9cologique, de contraception et de m\u00e9nopause.<\/strong><\/p>\n<\/div>\n\n\n\n<div class=\"wp-block-group alignfull is-style-default has-large-font-size has-global-padding is-content-justification-center is-layout-constrained wp-container-core-group-is-layout-d92c09d0 wp-block-group-is-layout-constrained\" style=\"margin-top:0;margin-bottom:0;padding-top:var(--wp--preset--spacing--60);padding-bottom:var(--wp--preset--spacing--60)\">\n<h2 class=\"wp-block-heading\">Notre mission<\/h2>\n\n\n\n<p>La SSEGM a pour objectif <strong>de promouvoir la science et la m\u00e9decine <\/strong>factuelle dans les domaines de l&rsquo;endocrinologie gyn\u00e9cologique, de la contraception et de la m\u00e9nopause.<\/p>\n\n\n\n<p>Pour ce faire, elle s&rsquo;engage notamment dans les domaines suivants:<\/p>\n\n\n\n<ul class=\"wp-block-list\">\n<li>l&rsquo;organisation <strong>de formations continues et compl\u00e9mentaires<\/strong><\/li>\n\n\n\n<li>la mise en place et le soutien <strong>d&rsquo;\u00e9v\u00e9nements scientifiques<\/strong><\/li>\n\n\n\n<li><strong>l&rsquo;\u00e9laboration et la mise \u00e0 jour de directives<\/strong><\/li>\n\n\n\n<li>la <strong>promotion de la collaboration interdisciplinaire<\/strong><\/li>\n\n\n\n<li>les \u00e9changes professionnels avec des <strong>soci\u00e9t\u00e9s sp\u00e9cialis\u00e9es nationales et internationales<\/strong><\/li>\n<\/ul>\n<\/div>\n\n\n\n<div class=\"wp-block-group alignfull is-style-section-1 has-background has-global-padding is-layout-constrained wp-container-core-group-is-layout-66fff4b1 wp-block-group-is-layout-constrained is-style-section-1--3\" style=\"background-color:#ebebeb;margin-top:0;margin-bottom:0;padding-top:var(--wp--preset--spacing--60);padding-bottom:var(--wp--preset--spacing--60)\">\n<p class=\"has-contrast-color has-text-color has-link-color wp-elements-1660691d4d54fcc95650cda5618d262b\">La <strong>SSEGM<\/strong> se consid\u00e8re comme <strong>une soci\u00e9t\u00e9 sp\u00e9cialis\u00e9e, ouverte, engag\u00e9e et interconnect\u00e9e<\/strong>, qui encourage les \u00e9changes professionnels et contribue activement au d\u00e9veloppement de la sant\u00e9 des femmes en Suisse.<\/p>\n<\/div>\n\n\n\n<p><\/p>\n","protected":false},"excerpt":{"rendered":"<p>\u00c0 propos de nous La Soci\u00e9t\u00e9 suisse d&rsquo;endocrinologie gyn\u00e9cologique, de contraception et de m\u00e9nopause (SSEGM) est une soci\u00e9t\u00e9 scientifique suisse qui s&rsquo;int\u00e9resse \u00e0 la sant\u00e9 hormonale des femmes \u00e0 toutes les \u00e9tapes de leur vie. Elle r\u00e9unit des m\u00e9decins et d&rsquo;autres professionnels de la sant\u00e9 qui exercent dans des cliniques, des cabinets m\u00e9dicaux, la recherche [&hellip;]<\/p>\n","protected":false},"author":2,"featured_media":671,"parent":0,"menu_order":700,"comment_status":"closed","ping_status":"closed","template":"page-no-title","meta":{"footnotes":""},"class_list":["post-75","page","type-page","status-publish","has-post-thumbnail","hentry"],"_links":{"self":[{"href":"https:\/\/menopause.projecttac.com\/fr\/wp-json\/wp\/v2\/pages\/75","targetHints":{"allow":["GET"]}}],"collection":[{"href":"https:\/\/menopause.projecttac.com\/fr\/wp-json\/wp\/v2\/pages"}],"about":[{"href":"https:\/\/menopause.projecttac.com\/fr\/wp-json\/wp\/v2\/types\/page"}],"author":[{"embeddable":true,"href":"https:\/\/menopause.projecttac.com\/fr\/wp-json\/wp\/v2\/users\/2"}],"replies":[{"embeddable":true,"href":"https:\/\/menopause.projecttac.com\/fr\/wp-json\/wp\/v2\/comments?post=75"}],"version-history":[{"count":39,"href":"https:\/\/menopause.projecttac.com\/fr\/wp-json\/wp\/v2\/pages\/75\/revisions"}],"predecessor-version":[{"id":1428,"href":"https:\/\/menopause.projecttac.com\/fr\/wp-json\/wp\/v2\/pages\/75\/revisions\/1428"}],"wp:featuredmedia":[{"embeddable":true,"href":"https:\/\/menopause.projecttac.com\/fr\/wp-json\/wp\/v2\/media\/671"}],"wp:attachment":[{"href":"https:\/\/menopause.projecttac.com\/fr\/wp-json\/wp\/v2\/media?parent=75"}],"curies":[{"name":"wp","href":"https:\/\/api.w.org\/{rel}","templated":true}]}}