{"id":387,"date":"2026-01-16T17:30:03","date_gmt":"2026-01-16T16:30:03","guid":{"rendered":"https:\/\/menopause.projecttac.com\/?page_id=387"},"modified":"2026-01-31T22:48:52","modified_gmt":"2026-01-31T21:48:52","slug":"willkommen","status":"publish","type":"page","link":"https:\/\/menopause.projecttac.com\/fr\/","title":{"rendered":"Willkommen"},"content":{"rendered":"\n<div class=\"wp-block-cover alignfull is-light has-parallax has-custom-content-position is-position-bottom-center\" style=\"margin-top:0;margin-bottom:0;padding-top:var(--wp--preset--spacing--50);padding-right:var(--wp--preset--spacing--50);padding-bottom:var(--wp--preset--spacing--50);padding-left:var(--wp--preset--spacing--50)\"><div class=\"wp-block-cover__image-background wp-image-670 size-full has-parallax\" style=\"background-position:50% 50%;background-image:url(https:\/\/menopause.projecttac.com\/wp-content\/uploads\/2026\/01\/AdobeStock_675261443-scaled.jpeg)\"><\/div><span aria-hidden=\"true\" class=\"wp-block-cover__background has-base-background-color has-background-dim-80 has-background-dim\"><\/span><div class=\"wp-block-cover__inner-container has-global-padding is-layout-constrained wp-container-core-cover-is-layout-d89aad35 wp-block-cover-is-layout-constrained\">\n<div class=\"wp-block-group alignwide has-global-padding is-content-justification-left is-layout-constrained wp-container-core-group-is-layout-12dd3699 wp-block-group-is-layout-constrained\">\n<h2 class=\"wp-block-heading has-text-align-left is-style-default has-accent-3-color has-text-color has-link-color has-xx-large-font-size wp-elements-b7859101605a5f40e061678dd51c6fbd\"><strong><strong>Soci\u00e9t\u00e9 suisse d&rsquo;endocrinologie gyn\u00e9cologique, de contraception et de m\u00e9nopause<\/strong><\/strong><\/h2>\n<\/div>\n<\/div><\/div>\n\n\n\n<div class=\"wp-block-group alignfull is-style-section-1 has-background has-global-padding is-layout-constrained wp-container-core-group-is-layout-54e9009c wp-block-group-is-layout-constrained is-style-section-1--1\" style=\"background-color:#ebebeb;margin-top:0;margin-bottom:0;padding-top:var(--wp--preset--spacing--60);padding-bottom:var(--wp--preset--spacing--60)\">\n<div class=\"wp-block-columns alignwide is-layout-flex wp-container-core-columns-is-layout-7ee84d44 wp-block-columns-is-layout-flex\">\n<div class=\"wp-block-column is-vertically-aligned-center is-layout-flow wp-block-column-is-layout-flow\" style=\"padding-top:0;padding-right:0;padding-bottom:0;padding-left:0;flex-basis:100%\">\n<p>La Soci\u00e9t\u00e9 suisse d&rsquo;endocrinologie gyn\u00e9cologique, de contraception et de m\u00e9nopause (SSEGM) est une <strong>soci\u00e9t\u00e9 sp\u00e9cialis\u00e9e<\/strong> qui traite des <strong>questions hormonales<\/strong> <strong>chez la femme \u00e0 toutes les \u00e9tapes de la vie<\/strong>.<\/p>\n\n\n\n<p>Nous nous engageons en faveur d&rsquo;une <strong>pratique m\u00e9dicale fond\u00e9e sur des preuves<\/strong>, <strong>pragmatique et centr\u00e9e sur la patiente dans ces domaines<\/strong>. Notre objectif est de soutenir les m\u00e9decins par le biais de la <strong>formation continue<\/strong>, des <strong>\u00e9changes scientifiques et de l&rsquo;\u00e9laboration de lignes directrices<\/strong>, afin d&rsquo;am\u00e9liorer en permanence la qualit\u00e9 des soins prodigu\u00e9s aux femmes en Suisse.<\/p>\n\n\n\n<p>En tant que plateforme pour les professionnels, nous encourageons <strong>le dialogue entre les cliniques, les cabinets m\u00e9dicaux et le monde de la recherche<\/strong>, et nous contribuons \u00e0 int\u00e9grer de mani\u00e8re responsable les nouvelles d\u00e9couvertes scientifiques dans la pratique quotidienne.<\/p>\n<\/div>\n<\/div>\n<\/div>\n\n\n\n<div class=\"wp-block-group alignfull is-style-section-1 has-background has-global-padding is-layout-constrained wp-block-group-is-layout-constrained is-style-section-1--2\" style=\"background-color:#f7f7f714;margin-top:0;margin-bottom:0;padding-top:var(--wp--preset--spacing--60);padding-bottom:var(--wp--preset--spacing--60);background-image:url(&apos;https:\/\/menopause.projecttac.com\/wp-content\/uploads\/2026\/01\/AdobeStock_675261443-scaled.jpeg&apos;);background-position:49% 59%;background-size:cover;background-attachment:fixed;\">\n<div class=\"wp-block-columns alignwide is-layout-flex wp-container-core-columns-is-layout-1ca3c9c8 wp-block-columns-is-layout-flex\" style=\"padding-top:0;padding-right:var(--wp--preset--spacing--30);padding-bottom:0;padding-left:var(--wp--preset--spacing--30)\">\n<div class=\"wp-block-column is-vertically-aligned-center has-background is-layout-flow wp-block-column-is-layout-flow\" style=\"border-top-left-radius:30px;border-top-right-radius:30px;border-bottom-left-radius:30px;border-bottom-right-radius:30px;background-color:#f7f7f7bd;padding-top:var(--wp--preset--spacing--40);padding-right:var(--wp--preset--spacing--30);padding-bottom:var(--wp--preset--spacing--40);padding-left:var(--wp--preset--spacing--30);flex-basis:50%\">\n<h2 class=\"wp-block-heading has-text-align-left\"><strong><strong>Nos domaines d&rsquo;activit\u00e9<\/strong><\/strong><\/h2>\n\n\n\n<ul class=\"wp-block-list is-style-default\">\n<li class=\"has-large-font-size\">l&rsquo;endocrinologie gyn\u00e9cologique \u00e0 toutes les \u00e9tapes de la vie<\/li>\n\n\n\n<li>la contraception moderne et personnalis\u00e9e<\/li>\n\n\n\n<li>la m\u00e9nopause et la sant\u00e9 hormonale de la femme m\u00fbre<\/li>\n\n\n\n<li class=\"has-large-font-size\">la formation continue et le perfectionnement pour les professionnels de sant\u00e9<\/li>\n\n\n\n<li class=\"has-large-font-size\"> l&rsquo;assurance qualit\u00e9 et l&rsquo;\u00e9laboration de directives<\/li>\n<\/ul>\n<\/div>\n\n\n\n<div class=\"wp-block-column is-vertically-aligned-center is-layout-flow wp-block-column-is-layout-flow\" style=\"flex-basis:50%\"><\/div>\n<\/div>\n\n\n\n<div class=\"wp-block-columns alignwide is-layout-flex wp-container-core-columns-is-layout-1ca3c9c8 wp-block-columns-is-layout-flex\" style=\"padding-top:0;padding-right:var(--wp--preset--spacing--30);padding-bottom:0;padding-left:var(--wp--preset--spacing--30)\">\n<div class=\"wp-block-column is-vertically-aligned-center is-style-default is-layout-flow wp-block-column-is-layout-flow\" style=\"padding-right:var(--wp--preset--spacing--30);padding-left:var(--wp--preset--spacing--30);flex-basis:50%\"><\/div>\n\n\n\n<div class=\"wp-block-column is-vertically-aligned-center is-style-default has-background is-layout-flow wp-block-column-is-layout-flow\" style=\"border-top-left-radius:30px;border-top-right-radius:30px;border-bottom-left-radius:30px;border-bottom-right-radius:30px;background-color:#f7f7f79c;padding-top:var(--wp--preset--spacing--40);padding-right:var(--wp--preset--spacing--30);padding-bottom:var(--wp--preset--spacing--40);padding-left:var(--wp--preset--spacing--30);flex-basis:50%\">\n<h2 class=\"wp-block-heading has-text-align-left\"><strong><strong>\u00c0 qui nous nous adressons<\/strong><\/strong><\/h2>\n\n\n\n<p class=\"has-text-align-left\">Ce site web s&rsquo;adresse:<\/p>\n\n\n\n<ul class=\"wp-block-list is-style-default\">\n<li class=\"has-large-font-size\">aux gyn\u00e9cologues<\/li>\n\n\n\n<li>aux m\u00e9decins de disciplines apparent\u00e9es<\/li>\n\n\n\n<li>aux professionnels de la sant\u00e9 sp\u00e9cialis\u00e9s dans la sant\u00e9 des femmes<\/li>\n\n\n\n<li class=\"has-large-font-size\">aux institutions, aux associations professionnelles et aux personnes int\u00e9ress\u00e9es<\/li>\n<\/ul>\n<\/div>\n<\/div>\n<\/div>\n\n\n\n<p><\/p>\n","protected":false},"excerpt":{"rendered":"<p>La Soci\u00e9t\u00e9 suisse d&rsquo;endocrinologie gyn\u00e9cologique, de contraception et de m\u00e9nopause (SSEGM) est une soci\u00e9t\u00e9 sp\u00e9cialis\u00e9e qui traite des questions hormonales chez la femme \u00e0 toutes les \u00e9tapes de la vie. Nous nous engageons en faveur d&rsquo;une pratique m\u00e9dicale fond\u00e9e sur des preuves, pragmatique et centr\u00e9e sur la patiente dans ces domaines. Notre objectif est de [&hellip;]<\/p>\n","protected":false},"author":2,"featured_media":0,"parent":0,"menu_order":1,"comment_status":"closed","ping_status":"closed","template":"page-no-title","meta":{"footnotes":""},"class_list":["post-387","page","type-page","status-publish","hentry"],"_links":{"self":[{"href":"https:\/\/menopause.projecttac.com\/fr\/wp-json\/wp\/v2\/pages\/387","targetHints":{"allow":["GET"]}}],"collection":[{"href":"https:\/\/menopause.projecttac.com\/fr\/wp-json\/wp\/v2\/pages"}],"about":[{"href":"https:\/\/menopause.projecttac.com\/fr\/wp-json\/wp\/v2\/types\/page"}],"author":[{"embeddable":true,"href":"https:\/\/menopause.projecttac.com\/fr\/wp-json\/wp\/v2\/users\/2"}],"replies":[{"embeddable":true,"href":"https:\/\/menopause.projecttac.com\/fr\/wp-json\/wp\/v2\/comments?post=387"}],"version-history":[{"count":31,"href":"https:\/\/menopause.projecttac.com\/fr\/wp-json\/wp\/v2\/pages\/387\/revisions"}],"predecessor-version":[{"id":1412,"href":"https:\/\/menopause.projecttac.com\/fr\/wp-json\/wp\/v2\/pages\/387\/revisions\/1412"}],"wp:attachment":[{"href":"https:\/\/menopause.projecttac.com\/fr\/wp-json\/wp\/v2\/media?parent=387"}],"curies":[{"name":"wp","href":"https:\/\/api.w.org\/{rel}","templated":true}]}}