{"id":381,"date":"2026-01-16T17:06:27","date_gmt":"2026-01-16T16:06:27","guid":{"rendered":"https:\/\/menopause.projecttac.com\/foerdermitglieder\/"},"modified":"2026-02-01T11:29:58","modified_gmt":"2026-02-01T10:29:58","slug":"foerdermitglieder","status":"publish","type":"page","link":"https:\/\/menopause.projecttac.com\/fr\/foerdermitglieder\/","title":{"rendered":"Membres bienfaiteurs"},"content":{"rendered":"\n<div class=\"wp-block-group alignfull is-style-default has-global-padding is-layout-constrained wp-block-group-is-layout-constrained\" style=\"margin-top:0;margin-bottom:0;padding-top:var(--wp--preset--spacing--50);padding-bottom:var(--wp--preset--spacing--50)\">\n<div class=\"wp-block-columns alignwide is-layout-flex wp-container-core-columns-is-layout-7ee84d44 wp-block-columns-is-layout-flex\">\n<div class=\"wp-block-column is-vertically-aligned-center has-global-padding is-layout-constrained wp-block-column-is-layout-constrained\" style=\"flex-basis:100%\">\n<p class=\"has-contrast-color has-text-color has-link-color has-large-font-size wp-elements-c5e20dbee53571d38b9a9923506354de\">La Soci\u00e9t\u00e9 suisse d&rsquo;endocrinologie gyn\u00e9cologique, de contraception et de m\u00e9nopause (SSEGM) tient \u00e0 remercier chaleureusement ses membres bienfaiteurs pour leur soutien de ses <strong>activit\u00e9s scientifiques et \u00e9ducatives<\/strong>, dans le cadre d&rsquo;une adh\u00e9sion en tant que membre bienfaiteur ou industriel.<\/p>\n<\/div>\n<\/div>\n<\/div>\n\n\n\n<div class=\"wp-block-group alignfull is-style-section-5 has-base-background-color has-background has-global-padding is-layout-constrained wp-block-group-is-layout-constrained is-style-section-5--1\" style=\"margin-top:0;margin-bottom:0;padding-top:var(--wp--preset--spacing--50);padding-bottom:var(--wp--preset--spacing--50)\">\n<div class=\"wp-block-columns alignwide is-layout-flex wp-container-core-columns-is-layout-7ee84d44 wp-block-columns-is-layout-flex\">\n<div class=\"wp-block-column is-vertically-aligned-center has-global-padding is-layout-constrained wp-block-column-is-layout-constrained\" style=\"flex-basis:100%\">\n<h2 class=\"wp-block-heading\">Adh\u00e9sion en tant que membre bienfaiteur<\/h2>\n\n\n\n<p class=\"has-contrast-color has-text-color has-link-color has-large-font-size wp-elements-849bab03778937bc033d10a429217f56\">Pour plus d&rsquo;informations sur l&rsquo;adh\u00e9sion en tant que membre bienfaiteur et sur les conditions g\u00e9n\u00e9rales correspondantes, veuillez contacter l&rsquo;administration de la SSEGM \u00e0 l&rsquo;adresse<strong> administration@meno-pause.ch.<\/strong><\/p>\n\n\n\n<div style=\"height:68px\" aria-hidden=\"true\" class=\"wp-block-spacer\"><\/div>\n\n\n\n<h2 class=\"wp-block-heading is-style-default\" style=\"margin-top:var(--wp--preset--spacing--30);margin-bottom:var(--wp--preset--spacing--30);padding-top:0;padding-right:0;padding-bottom:0;padding-left:0\">Ind\u00e9pendance et transparence (clause de non-responsabilit\u00e9)<\/h2>\n\n\n\n<p class=\"has-contrast-color has-text-color has-link-color wp-elements-7c67de9a23c1f21cbb76d7e50195894e\">La SSEGM pr\u00e9serve son <strong>ind\u00e9pendance scientifique<\/strong> dans l&rsquo;ensemble de ses activit\u00e9s.<br>Elle <strong>n&rsquo;est pas d\u00e9pendante, sur le plan du contenu ou de l&rsquo;organisation<\/strong>, de ses membres bienfaiteurs ou de ses sponsors. Aucune <strong>contrepartie<\/strong> n&rsquo;est accord\u00e9e, <strong>ni actuellement ni \u00e0 l&rsquo;avenir<\/strong>, en \u00e9change d&rsquo;un soutien financier ou mat\u00e9riel (principe de s\u00e9paration).<\/p>\n\n\n\n<p class=\"has-contrast-color has-text-color has-link-color wp-elements-aa806ff42234c82295a4c76641db1839\">Les contenus scientifiques, les prises de position et les recommandations de la SSEGM sont <strong>neutres vis-\u00e0-vis des produits, des fabricants et des services<\/strong>.<\/p>\n\n\n\n<p class=\"has-contrast-color has-text-color has-link-color wp-elements-f944573af939dea8823b9d95699bd140\">La SSEGM n&rsquo;a aucun conflit d&rsquo;int\u00e9r\u00eats avec ses membres bienfaiteurs.<\/p>\n\n\n\n<p class=\"has-contrast-color has-text-color has-link-color wp-elements-fb82cf45f31872f8eccfa821b44fc084\">La SSEGM s&rsquo;engage \u00e0 faire preuve de transparence et \u00e0 respecter les normes \u00e9thiques dans tous les domaines de son activit\u00e9.<\/p>\n<\/div>\n<\/div>\n<\/div>\n\n\n\n<div class=\"wp-block-group alignfull is-style-section-1 has-background has-global-padding is-layout-constrained wp-block-group-is-layout-constrained is-style-section-1--2\" style=\"background-color:#ebebeb;padding-top:var(--wp--preset--spacing--20);padding-bottom:var(--wp--preset--spacing--20)\">\n<div class=\"wp-block-columns alignwide is-layout-flex wp-container-core-columns-is-layout-2a2c130a wp-block-columns-is-layout-flex\" style=\"margin-top:var(--wp--preset--spacing--50);margin-bottom:var(--wp--preset--spacing--50)\">\n<div class=\"wp-block-column has-background is-layout-flow wp-block-column-is-layout-flow\" style=\"border-style:none;border-width:0px;border-radius:10px;background-color:#ffffff;padding-top:var(--wp--preset--spacing--40);padding-right:var(--wp--preset--spacing--50);padding-bottom:var(--wp--preset--spacing--40);padding-left:var(--wp--preset--spacing--50)\">\n<figure class=\"wp-block-image aligncenter size-full has-custom-border\"><img loading=\"lazy\" decoding=\"async\" width=\"1080\" height=\"1080\" src=\"https:\/\/menopause.projecttac.com\/wp-content\/uploads\/2026\/01\/astellas-logo-1.png\" alt=\"\" class=\"wp-image-841\" style=\"border-top-left-radius:0px;border-top-right-radius:0px;border-bottom-left-radius:0px;border-bottom-right-radius:0px;aspect-ratio:4\/3;object-fit:contain\" srcset=\"https:\/\/menopause.projecttac.com\/wp-content\/uploads\/2026\/01\/astellas-logo-1.png 1080w, https:\/\/menopause.projecttac.com\/wp-content\/uploads\/2026\/01\/astellas-logo-1-300x300.png 300w, https:\/\/menopause.projecttac.com\/wp-content\/uploads\/2026\/01\/astellas-logo-1-1024x1024.png 1024w, https:\/\/menopause.projecttac.com\/wp-content\/uploads\/2026\/01\/astellas-logo-1-150x150.png 150w, https:\/\/menopause.projecttac.com\/wp-content\/uploads\/2026\/01\/astellas-logo-1-768x768.png 768w\" sizes=\"auto, (max-width: 1080px) 100vw, 1080px\" \/><figcaption class=\"wp-element-caption\"><strong>Astellas Pharma AG<\/strong><br>Richtiring 28<br>CH-8304 Wallisellen<br>www.astellas.ch<\/figcaption><\/figure>\n<\/div>\n\n\n\n<div class=\"wp-block-column has-background is-layout-flow wp-block-column-is-layout-flow\" style=\"border-style:none;border-width:0px;border-radius:10px;background-color:#ffffff;padding-top:var(--wp--preset--spacing--40);padding-right:var(--wp--preset--spacing--50);padding-bottom:var(--wp--preset--spacing--40);padding-left:var(--wp--preset--spacing--50)\">\n<figure class=\"wp-block-image aligncenter size-full has-custom-border\"><img loading=\"lazy\" decoding=\"async\" width=\"500\" height=\"170\" src=\"https:\/\/menopause.projecttac.com\/wp-content\/uploads\/2026\/01\/Bayer-Cross-LType_Basic_150dpi_on-screen_RGB-500x0-c-default.png\" alt=\"\" class=\"wp-image-809\" style=\"border-top-left-radius:0px;border-top-right-radius:0px;border-bottom-left-radius:0px;border-bottom-right-radius:0px;aspect-ratio:4\/3;object-fit:contain\" srcset=\"https:\/\/menopause.projecttac.com\/wp-content\/uploads\/2026\/01\/Bayer-Cross-LType_Basic_150dpi_on-screen_RGB-500x0-c-default.png 500w, https:\/\/menopause.projecttac.com\/wp-content\/uploads\/2026\/01\/Bayer-Cross-LType_Basic_150dpi_on-screen_RGB-500x0-c-default-300x102.png 300w\" sizes=\"auto, (max-width: 500px) 100vw, 500px\" \/><figcaption class=\"wp-element-caption\"><strong>Bayer (Schweiz) AG<\/strong><br>Uetlibergstrasse 132<br>CH-8045 Z\u00fcrich<br>www.bayer.ch<\/figcaption><\/figure>\n<\/div>\n\n\n\n<div class=\"wp-block-column has-background is-layout-flow wp-block-column-is-layout-flow\" style=\"border-style:none;border-width:0px;border-radius:10px;background-color:#ffffff;padding-top:var(--wp--preset--spacing--40);padding-right:var(--wp--preset--spacing--50);padding-bottom:var(--wp--preset--spacing--40);padding-left:var(--wp--preset--spacing--50)\">\n<figure class=\"wp-block-image aligncenter size-full has-custom-border\"><img loading=\"lazy\" decoding=\"async\" width=\"768\" height=\"430\" src=\"https:\/\/menopause.projecttac.com\/wp-content\/uploads\/2026\/01\/CSL-Vifor-Logo-768x430-1.webp\" alt=\"\" class=\"wp-image-818\" style=\"border-top-left-radius:0px;border-top-right-radius:0px;border-bottom-left-radius:0px;border-bottom-right-radius:0px;aspect-ratio:4\/3;object-fit:contain\" srcset=\"https:\/\/menopause.projecttac.com\/wp-content\/uploads\/2026\/01\/CSL-Vifor-Logo-768x430-1.webp 768w, https:\/\/menopause.projecttac.com\/wp-content\/uploads\/2026\/01\/CSL-Vifor-Logo-768x430-1-300x168.webp 300w\" sizes=\"auto, (max-width: 768px) 100vw, 768px\" \/><figcaption class=\"wp-element-caption\"><strong>CSL Vifor Switzerland AG<\/strong><br>Route de Moncor 10<br>CH-1752 Villars-sur-Gl\u00e2ne<br>www.cslvifor.ch<\/figcaption><\/figure>\n<\/div>\n<\/div>\n\n\n\n<div class=\"wp-block-columns alignwide is-layout-flex wp-container-core-columns-is-layout-2a2c130a wp-block-columns-is-layout-flex\" style=\"margin-top:var(--wp--preset--spacing--50);margin-bottom:var(--wp--preset--spacing--50)\">\n<div class=\"wp-block-column has-background is-layout-flow wp-block-column-is-layout-flow\" style=\"border-style:none;border-width:0px;border-radius:10px;background-color:#ffffff;padding-top:var(--wp--preset--spacing--40);padding-right:var(--wp--preset--spacing--50);padding-bottom:var(--wp--preset--spacing--40);padding-left:var(--wp--preset--spacing--50)\">\n<figure class=\"wp-block-image aligncenter size-full has-custom-border\"><img loading=\"lazy\" decoding=\"async\" width=\"620\" height=\"480\" src=\"https:\/\/menopause.projecttac.com\/wp-content\/uploads\/2026\/01\/EFFIK_ITALFARMACO_logo.png\" alt=\"\" class=\"wp-image-819\" style=\"border-top-left-radius:0px;border-top-right-radius:0px;border-bottom-left-radius:0px;border-bottom-right-radius:0px;aspect-ratio:4\/3;object-fit:contain\" srcset=\"https:\/\/menopause.projecttac.com\/wp-content\/uploads\/2026\/01\/EFFIK_ITALFARMACO_logo.png 620w, https:\/\/menopause.projecttac.com\/wp-content\/uploads\/2026\/01\/EFFIK_ITALFARMACO_logo-300x232.png 300w\" sizes=\"auto, (max-width: 620px) 100vw, 620px\" \/><figcaption class=\"wp-element-caption\"><strong>Effik SA<\/strong><br>Rue du March\u00e9 10<br>CH &#8211; 1260 Nyon<br>www.effik.ch<\/figcaption><\/figure>\n<\/div>\n\n\n\n<div class=\"wp-block-column has-background is-layout-flow wp-block-column-is-layout-flow\" style=\"border-style:none;border-width:0px;border-radius:10px;background-color:#ffffff;padding-top:var(--wp--preset--spacing--40);padding-right:var(--wp--preset--spacing--50);padding-bottom:var(--wp--preset--spacing--40);padding-left:var(--wp--preset--spacing--50)\">\n<figure class=\"wp-block-image aligncenter size-full has-custom-border\"><img loading=\"lazy\" decoding=\"async\" width=\"419\" height=\"120\" src=\"https:\/\/menopause.projecttac.com\/wp-content\/uploads\/2026\/01\/labatec-logo.jpg\" alt=\"\" class=\"wp-image-820\" style=\"border-top-left-radius:0px;border-top-right-radius:0px;border-bottom-left-radius:0px;border-bottom-right-radius:0px;aspect-ratio:4\/3;object-fit:contain\" srcset=\"https:\/\/menopause.projecttac.com\/wp-content\/uploads\/2026\/01\/labatec-logo.jpg 419w, https:\/\/menopause.projecttac.com\/wp-content\/uploads\/2026\/01\/labatec-logo-300x86.jpg 300w\" sizes=\"auto, (max-width: 419px) 100vw, 419px\" \/><figcaption class=\"wp-element-caption\"><strong>LABATEC Pharma S.A.<\/strong><br>10, route de l\u00b4A\u00e9roport<br>CH-1215 Geneva<br>www.labatecpharma.com<\/figcaption><\/figure>\n<\/div>\n\n\n\n<div class=\"wp-block-column has-background is-layout-flow wp-block-column-is-layout-flow\" style=\"border-style:none;border-width:0px;border-radius:10px;background-color:#ffffff;padding-top:var(--wp--preset--spacing--40);padding-right:var(--wp--preset--spacing--50);padding-bottom:var(--wp--preset--spacing--40);padding-left:var(--wp--preset--spacing--50)\">\n<figure class=\"wp-block-image aligncenter size-full has-custom-border\"><img loading=\"lazy\" decoding=\"async\" width=\"530\" height=\"350\" src=\"https:\/\/menopause.projecttac.com\/wp-content\/uploads\/2026\/01\/SchwabeGroup_logo.png\" alt=\"\" class=\"wp-image-821\" style=\"border-top-left-radius:0px;border-top-right-radius:0px;border-bottom-left-radius:0px;border-bottom-right-radius:0px;aspect-ratio:4\/3;object-fit:contain\" srcset=\"https:\/\/menopause.projecttac.com\/wp-content\/uploads\/2026\/01\/SchwabeGroup_logo.png 530w, https:\/\/menopause.projecttac.com\/wp-content\/uploads\/2026\/01\/SchwabeGroup_logo-300x198.png 300w\" sizes=\"auto, (max-width: 530px) 100vw, 530px\" \/><figcaption class=\"wp-element-caption\"><strong>Schwabe Pharma AG<\/strong><br>Erlistrasse 2<br>CH-6403 K\u00fcssnacht am Rigi<br>www.schwabepharma.ch<\/figcaption><\/figure>\n<\/div>\n<\/div>\n\n\n\n<div class=\"wp-block-columns alignwide is-layout-flex wp-container-core-columns-is-layout-2a2c130a wp-block-columns-is-layout-flex\" style=\"margin-top:var(--wp--preset--spacing--50);margin-bottom:var(--wp--preset--spacing--50)\">\n<div class=\"wp-block-column has-background is-layout-flow wp-block-column-is-layout-flow\" style=\"border-style:none;border-width:0px;border-radius:10px;background-color:#ffffff;padding-top:var(--wp--preset--spacing--40);padding-right:var(--wp--preset--spacing--50);padding-bottom:var(--wp--preset--spacing--40);padding-left:var(--wp--preset--spacing--50)\">\n<figure class=\"wp-block-image aligncenter size-full has-custom-border\"><img loading=\"lazy\" decoding=\"async\" width=\"458\" height=\"95\" src=\"https:\/\/menopause.projecttac.com\/wp-content\/uploads\/2026\/01\/Sonic-logo.png\" alt=\"\" class=\"wp-image-822\" style=\"border-top-left-radius:0px;border-top-right-radius:0px;border-bottom-left-radius:0px;border-bottom-right-radius:0px;aspect-ratio:4\/3;object-fit:contain\" srcset=\"https:\/\/menopause.projecttac.com\/wp-content\/uploads\/2026\/01\/Sonic-logo.png 458w, https:\/\/menopause.projecttac.com\/wp-content\/uploads\/2026\/01\/Sonic-logo-300x62.png 300w\" sizes=\"auto, (max-width: 458px) 100vw, 458px\" \/><figcaption class=\"wp-element-caption\"><strong>Sonic Suisse<\/strong><br>Alpenquai 28a<br>CH-6005 Luzern<br>www.sonic-suisse.ch<\/figcaption><\/figure>\n<\/div>\n\n\n\n<div class=\"wp-block-column has-background is-layout-flow wp-block-column-is-layout-flow\" style=\"border-style:none;border-width:0px;border-radius:10px;background-color:#ffffff;padding-top:var(--wp--preset--spacing--40);padding-right:var(--wp--preset--spacing--50);padding-bottom:var(--wp--preset--spacing--40);padding-left:var(--wp--preset--spacing--50)\">\n<figure class=\"wp-block-image aligncenter size-full has-custom-border\"><img loading=\"lazy\" decoding=\"async\" width=\"300\" height=\"128\" src=\"https:\/\/menopause.projecttac.com\/wp-content\/uploads\/2026\/01\/Tentan-AG-Logo.png\" alt=\"\" class=\"wp-image-823\" style=\"border-top-left-radius:0px;border-top-right-radius:0px;border-bottom-left-radius:0px;border-bottom-right-radius:0px;aspect-ratio:1.3333333333333333;object-fit:contain\"\/><figcaption class=\"wp-element-caption\"><strong>Tentan AG<\/strong><br>Dellenbodenweg 8<br>CH-4452 Itingen<br>www.gynofit.ch<\/figcaption><\/figure>\n<\/div>\n\n\n\n<div class=\"wp-block-column has-background is-layout-flow wp-block-column-is-layout-flow\" style=\"border-style:none;border-width:0px;border-radius:10px;background-color:#ffffff;padding-top:var(--wp--preset--spacing--40);padding-right:var(--wp--preset--spacing--50);padding-bottom:var(--wp--preset--spacing--40);padding-left:var(--wp--preset--spacing--50)\">\n<figure class=\"wp-block-image aligncenter size-full has-custom-border\"><img loading=\"lazy\" decoding=\"async\" width=\"2560\" height=\"2000\" src=\"https:\/\/menopause.projecttac.com\/wp-content\/uploads\/2026\/01\/Viatris_Logo-scaled.png\" alt=\"\" class=\"wp-image-824\" style=\"border-top-left-radius:0px;border-top-right-radius:0px;border-bottom-left-radius:0px;border-bottom-right-radius:0px;aspect-ratio:4\/3;object-fit:contain\" srcset=\"https:\/\/menopause.projecttac.com\/wp-content\/uploads\/2026\/01\/Viatris_Logo-scaled.png 2560w, https:\/\/menopause.projecttac.com\/wp-content\/uploads\/2026\/01\/Viatris_Logo-300x234.png 300w, https:\/\/menopause.projecttac.com\/wp-content\/uploads\/2026\/01\/Viatris_Logo-1024x800.png 1024w, https:\/\/menopause.projecttac.com\/wp-content\/uploads\/2026\/01\/Viatris_Logo-768x600.png 768w, https:\/\/menopause.projecttac.com\/wp-content\/uploads\/2026\/01\/Viatris_Logo-1536x1200.png 1536w, https:\/\/menopause.projecttac.com\/wp-content\/uploads\/2026\/01\/Viatris_Logo-2048x1600.png 2048w\" sizes=\"auto, (max-width: 2560px) 100vw, 2560px\" \/><figcaption class=\"wp-element-caption\"><strong>Mylan Pharma GmbH (a Viatris Company)<\/strong><br>Turmstrasse 24<br>CH-6312 Steinhausen<br>www.mylan.ch<\/figcaption><\/figure>\n<\/div>\n<\/div>\n\n\n\n<div class=\"wp-block-columns alignwide is-layout-flex wp-container-core-columns-is-layout-2a2c130a wp-block-columns-is-layout-flex\" style=\"margin-top:var(--wp--preset--spacing--50);margin-bottom:var(--wp--preset--spacing--50)\">\n<div class=\"wp-block-column is-layout-flow wp-block-column-is-layout-flow\" style=\"border-radius:10px;padding-top:var(--wp--preset--spacing--40);padding-right:var(--wp--preset--spacing--50);padding-bottom:var(--wp--preset--spacing--40);padding-left:var(--wp--preset--spacing--50)\"><\/div>\n\n\n\n<div class=\"wp-block-column has-background is-layout-flow wp-block-column-is-layout-flow\" style=\"border-style:none;border-width:0px;border-radius:10px;background-color:#ffffff;padding-top:var(--wp--preset--spacing--40);padding-right:var(--wp--preset--spacing--50);padding-bottom:var(--wp--preset--spacing--40);padding-left:var(--wp--preset--spacing--50)\">\n<figure class=\"wp-block-image aligncenter size-full has-custom-border\"><img loading=\"lazy\" decoding=\"async\" width=\"307\" height=\"175\" src=\"https:\/\/menopause.projecttac.com\/wp-content\/uploads\/2026\/01\/zeller-logo-edited-2.png\" alt=\"\" class=\"wp-image-871\" style=\"border-top-left-radius:0px;border-top-right-radius:0px;border-bottom-left-radius:0px;border-bottom-right-radius:0px;aspect-ratio:4\/3;object-fit:contain\" srcset=\"https:\/\/menopause.projecttac.com\/wp-content\/uploads\/2026\/01\/zeller-logo-edited-2.png 307w, https:\/\/menopause.projecttac.com\/wp-content\/uploads\/2026\/01\/zeller-logo-edited-2-300x171.png 300w\" sizes=\"auto, (max-width: 307px) 100vw, 307px\" \/><figcaption class=\"wp-element-caption\"><strong>Max Zeller S\u00f6hne AG<\/strong><br>Seeblickstrasse 4<br>CH-8590 Romanshorn<br>www.zellerag.ch<\/figcaption><\/figure>\n<\/div>\n\n\n\n<div class=\"wp-block-column is-layout-flow wp-block-column-is-layout-flow\" style=\"border-radius:10px;padding-top:var(--wp--preset--spacing--40);padding-right:var(--wp--preset--spacing--50);padding-bottom:var(--wp--preset--spacing--40);padding-left:var(--wp--preset--spacing--50)\"><\/div>\n<\/div>\n<\/div>\n","protected":false},"excerpt":{"rendered":"<p>La Soci\u00e9t\u00e9 suisse d&rsquo;endocrinologie gyn\u00e9cologique, de contraception et de m\u00e9nopause (SSEGM) tient \u00e0 remercier chaleureusement ses membres bienfaiteurs pour leur soutien de ses activit\u00e9s scientifiques et \u00e9ducatives, dans le cadre d&rsquo;une adh\u00e9sion en tant que membre bienfaiteur ou industriel. Adh\u00e9sion en tant que membre bienfaiteur Pour plus d&rsquo;informations sur l&rsquo;adh\u00e9sion en tant que membre bienfaiteur [&hellip;]<\/p>\n","protected":false},"author":2,"featured_media":0,"parent":0,"menu_order":1000,"comment_status":"closed","ping_status":"closed","template":"","meta":{"footnotes":""},"class_list":["post-381","page","type-page","status-publish","hentry"],"_links":{"self":[{"href":"https:\/\/menopause.projecttac.com\/fr\/wp-json\/wp\/v2\/pages\/381","targetHints":{"allow":["GET"]}}],"collection":[{"href":"https:\/\/menopause.projecttac.com\/fr\/wp-json\/wp\/v2\/pages"}],"about":[{"href":"https:\/\/menopause.projecttac.com\/fr\/wp-json\/wp\/v2\/types\/page"}],"author":[{"embeddable":true,"href":"https:\/\/menopause.projecttac.com\/fr\/wp-json\/wp\/v2\/users\/2"}],"replies":[{"embeddable":true,"href":"https:\/\/menopause.projecttac.com\/fr\/wp-json\/wp\/v2\/comments?post=381"}],"version-history":[{"count":36,"href":"https:\/\/menopause.projecttac.com\/fr\/wp-json\/wp\/v2\/pages\/381\/revisions"}],"predecessor-version":[{"id":1436,"href":"https:\/\/menopause.projecttac.com\/fr\/wp-json\/wp\/v2\/pages\/381\/revisions\/1436"}],"wp:attachment":[{"href":"https:\/\/menopause.projecttac.com\/fr\/wp-json\/wp\/v2\/media?parent=381"}],"curies":[{"name":"wp","href":"https:\/\/api.w.org\/{rel}","templated":true}]}}