{"id":380,"date":"2026-01-16T17:05:38","date_gmt":"2026-01-16T16:05:38","guid":{"rendered":"https:\/\/menopause.projecttac.com\/mitgliedschaft\/"},"modified":"2026-02-04T21:34:39","modified_gmt":"2026-02-04T20:34:39","slug":"mitgliedschaft","status":"publish","type":"page","link":"https:\/\/menopause.projecttac.com\/fr\/mitgliedschaft\/","title":{"rendered":"Adh\u00e9sion"},"content":{"rendered":"\n<div class=\"wp-block-cover alignfull has-parallax\" style=\"margin-top:0;margin-bottom:0\"><div class=\"wp-block-cover__image-background wp-image-668 size-full has-parallax\" style=\"background-position:50% 50%;background-image:url(https:\/\/menopause.projecttac.com\/wp-content\/uploads\/2026\/01\/AdobeStock_661518869-scaled.jpeg)\"><\/div><span aria-hidden=\"true\" class=\"wp-block-cover__background has-base-background-color has-background-dim-0 has-background-dim\"><\/span><div class=\"wp-block-cover__inner-container is-layout-flow wp-block-cover-is-layout-flow\">\n<div class=\"wp-block-columns has-contrast-color has-text-color has-background has-link-color wp-elements-4388d5e56ca6ec24386e1f22d0e1f3af is-layout-flex wp-container-core-columns-is-layout-ad0b4ffc wp-block-columns-is-layout-flex\" style=\"background-color:#ffffff00;padding-top:0;padding-right:0;padding-bottom:0;padding-left:0\">\n<div class=\"wp-block-column has-background is-layout-flow wp-block-column-is-layout-flow\" style=\"border-top-left-radius:30px;border-top-right-radius:30px;border-bottom-left-radius:30px;border-bottom-right-radius:30px;background-color:#f7f7f7c9;padding-top:var(--wp--preset--spacing--40);padding-right:var(--wp--preset--spacing--40);padding-bottom:var(--wp--preset--spacing--40);padding-left:var(--wp--preset--spacing--40)\">\n<h2 class=\"wp-block-heading\">Adh\u00e9sion<\/h2>\n\n\n\n<p class=\"has-contrast-color has-text-color has-link-color has-large-font-size wp-elements-a4786fc3b3aa1c029e2bafad3a1b9988\">Devenez membre de notre soci\u00e9t\u00e9 sp\u00e9cialis\u00e9e et b\u00e9n\u00e9ficiez d&rsquo;un r\u00e9seau scientifique et clinique solide dans le domaine de l&rsquo;endocrinologie gyn\u00e9cologique et de la m\u00e9nopause.<\/p>\n\n\n\n<p>Les conditions et les principes fondamentaux de l&rsquo;adh\u00e9sion sont r\u00e9gis par nos <a href=\"https:\/\/menopause.projecttac.com\/wp-content\/uploads\/2026\/01\/SGEM_Statuten_D_10.01.2024.pdf\">statuts<\/a>. La d\u00e9cision finale concernant l&rsquo;adh\u00e9sion sera prise lors de la prochaine assembl\u00e9e g\u00e9n\u00e9rale.<\/p>\n\n\n\n<p>La cotisation pour une ann\u00e9e civile s&rsquo;\u00e9l\u00e8ve <strong>\u00e0 75 CHF<\/strong>.<\/p>\n\n\n\n<p>Nous accueillons volontiers les nouveaux membres.<\/p>\n<\/div>\n\n\n\n<div class=\"wp-block-column is-layout-flow wp-block-column-is-layout-flow\" style=\"border-top-left-radius:30px;border-top-right-radius:30px;border-bottom-left-radius:30px;border-bottom-right-radius:30px;padding-top:0;padding-right:var(--wp--preset--spacing--40);padding-bottom:0;padding-left:var(--wp--preset--spacing--40)\"><\/div>\n<\/div>\n\n\n\n<div class=\"wp-block-columns is-layout-flex wp-container-core-columns-is-layout-28f84493 wp-block-columns-is-layout-flex\">\n<div class=\"wp-block-column is-layout-flow wp-block-column-is-layout-flow\" style=\"border-top-left-radius:30px;border-top-right-radius:30px;border-bottom-left-radius:30px;border-bottom-right-radius:30px;padding-top:0;padding-right:var(--wp--preset--spacing--40);padding-bottom:0;padding-left:var(--wp--preset--spacing--40)\"><\/div>\n\n\n\n<div class=\"wp-block-column has-background is-layout-flow wp-block-column-is-layout-flow\" style=\"border-top-left-radius:30px;border-top-right-radius:30px;border-bottom-left-radius:30px;border-bottom-right-radius:30px;background-color:#f7f7f7c9;padding-top:var(--wp--preset--spacing--40);padding-right:var(--wp--preset--spacing--40);padding-bottom:var(--wp--preset--spacing--40);padding-left:var(--wp--preset--spacing--40)\">\n<h2 class=\"wp-block-heading\">Vos avantages en tant que membre<\/h2>\n\n\n\n<p class=\"has-contrast-color has-text-color has-link-color has-large-font-size wp-elements-2ca99c5797af0b66c254f0a57776a97d\">En tant que membre de la SSEGM, vous b\u00e9n\u00e9ficiez notamment des avantages suivants:<\/p>\n\n\n\n<ul class=\"wp-block-list has-contrast-color has-text-color has-link-color has-large-font-size wp-elements-8289ef193387eeead4bde78408d75829\">\n<li><strong>r\u00e9duction sur les frais de participation<\/strong> au <em><strong>Women\u2019s Health Congress<\/strong> <\/em>et conditions avantageuses pour les <strong>congr\u00e8s d&rsquo;autres associations professionnelles<\/strong><\/li>\n\n\n\n<li><strong>abonnement gratuit \u00e0 la revue sp\u00e9cialis\u00e9e<\/strong> Journal d&rsquo;endocrinologie gyn\u00e9cologique, avec acc\u00e8s en ligne \u00e0 tous les num\u00e9ros actuels et archiv\u00e9s<\/li>\n\n\n\n<li><strong>informations r\u00e9guli\u00e8res sur les directives et recommandations actuelles<\/strong><\/li>\n\n\n\n<li><strong>acc\u00e8s aux conf\u00e9rences des congr\u00e8s <strong><em>Women\u2019s Health<\/em><\/strong><\/strong><\/li>\n\n\n\n<li><strong>newsletter SSEGM<\/strong> avec des informations actuelles issues du monde scientifique <em>(12 num\u00e9ros par an<\/em>).<\/li>\n<\/ul>\n<\/div>\n<\/div>\n<\/div><\/div>\n\n\n\n<div class=\"wp-block-group alignfull is-style-section-1 has-background has-global-padding is-layout-constrained wp-container-core-group-is-layout-ca122f7f wp-block-group-is-layout-constrained is-style-section-1--1\" style=\"background-color:#ececec;margin-top:0;margin-bottom:0;padding-top:var(--wp--preset--spacing--60);padding-bottom:var(--wp--preset--spacing--60)\">\n<h2 class=\"wp-block-heading has-accent-3-color has-text-color has-link-color has-x-large-font-size wp-elements-5f01318433070eeebe69909f510a9988\">Devenir membre<\/h2>\n\n\n\n<p class=\"has-contrast-color has-text-color has-link-color has-large-font-size wp-elements-b634b43ff0b63dcb8286beba6409fb60\">Nous nous r\u00e9jouissons de recevoir votre demande d&rsquo;adh\u00e9sion si vous souhaitez devenir membre.<\/p>\n\n\n\n<div class=\"wp-block-group has-border-color has-accent-3-border-color has-global-padding is-layout-constrained wp-container-core-group-is-layout-ce76178a wp-block-group-is-layout-constrained\" style=\"border-width:2px;border-top-left-radius:30px;border-top-right-radius:30px;border-bottom-left-radius:30px;border-bottom-right-radius:30px;padding-top:0;padding-right:var(--wp--preset--spacing--40);padding-bottom:0;padding-left:var(--wp--preset--spacing--40)\"><style id=\"wpforms-css-vars-1479-block-82b5d522-1e06-4e93-a3a4-f085713a2e99\">\n\t\t\t\t#wpforms-1479.wpforms-block-82b5d522-1e06-4e93-a3a4-f085713a2e99 {\n\t\t\t\t--wpforms-label-color: rgba(0, 0, 0, 0.85);\n--wpforms-label-sublabel-color: rgba(0, 0, 0, 0.55);\n--wpforms-field-border-color: rgba(0, 0, 0, 0.25);\n--wpforms-field-border-color-spare: rgba(0, 0, 0, 0.25);\n--wpforms-field-text-color: rgba(0, 0, 0, 0.7);\n--wpforms-field-size-input-height: 31px;\n--wpforms-field-size-input-spacing: 10px;\n--wpforms-field-size-font-size: 14px;\n--wpforms-field-size-line-height: 17px;\n--wpforms-field-size-padding-h: 9px;\n--wpforms-field-size-checkbox-size: 14px;\n--wpforms-field-size-sublabel-spacing: 5px;\n--wpforms-field-size-icon-size: 0.75;\n--wpforms-label-size-font-size: 16px;\n--wpforms-label-size-line-height: 19px;\n--wpforms-label-size-sublabel-font-size: 14px;\n--wpforms-label-size-sublabel-line-height: 17px;\n--wpforms-button-size-font-size: 17px;\n--wpforms-button-size-height: 41px;\n--wpforms-button-size-padding-h: 15px;\n--wpforms-button-size-margin-top: 10px;\n\t\t\t}\n\t\t\t<\/style><style id=\"wpforms-custom-css-1479-block-82b5d522-1e06-4e93-a3a4-f085713a2e99\">\n\t\t\t\t.wpforms-field{padding:7px !important}\n.wpforms-field-label{margin:3px !important}\n\t\t\t<\/style><div class=\"wpforms-container wpforms-container-full wpforms-block wpforms-block-82b5d522-1e06-4e93-a3a4-f085713a2e99 wpforms-render-modern\" id=\"wpforms-1479\"><form id=\"wpforms-form-1479\" class=\"wpforms-validate wpforms-form wpforms-ajax-form\" data-formid=\"1479\" method=\"post\" enctype=\"multipart\/form-data\" action=\"\/fr\/wp-json\/wp\/v2\/pages\/380\" data-token=\"f23e95a4cc2fb813796fdb13d000a490\" data-token-time=\"1775558300\"><noscript class=\"wpforms-error-noscript\">Veuillez activer JavaScript dans votre navigateur pour remplir ce formulaire.<\/noscript><div id=\"wpforms-error-noscript\" style=\"display: none;\">Veuillez activer JavaScript dans votre navigateur pour remplir ce formulaire.<\/div><div class=\"wpforms-field-container\"><div id=\"wpforms-1479-field_3-container\" class=\"wpforms-field wpforms-field-select wpforms-field-select-style-classic\" data-field-id=\"3\"><label class=\"wpforms-field-label\" for=\"wpforms-1479-field_3\">En-t\u00eate<\/label><select id=\"wpforms-1479-field_3\" class=\"wpforms-field-large\" name=\"wpforms[fields][3]\"><option value=\"\" class=\"placeholder\" disabled  selected='selected'>&#8212; Faire une s\u00e9lection &#8212;<\/option><option value=\"Monsieur\"  class=\"choice-1 depth-1\"  >Monsieur<\/option><option value=\"Madame\"  class=\"choice-2 depth-1\"  >Madame<\/option><option value=\"Divers\"  class=\"choice-3 depth-1\"  >Divers<\/option><\/select><\/div><div id=\"wpforms-1479-field_5-container\" class=\"wpforms-field wpforms-field-text\" data-field-id=\"5\"><label class=\"wpforms-field-label\" for=\"wpforms-1479-field_5\">Titre<\/label><input type=\"text\" id=\"wpforms-1479-field_5\" class=\"wpforms-field-large\" name=\"wpforms[fields][5]\" aria-errormessage=\"wpforms-1479-field_5-error\" ><\/div>\t\t<div id=\"wpforms-1479-field_4-container\"\n\t\t\tclass=\"wpforms-field wpforms-field-text\"\n\t\t\tdata-field-type=\"text\"\n\t\t\tdata-field-id=\"4\"\n\t\t\t>\n\t\t\t<label class=\"wpforms-field-label\" for=\"wpforms-1479-field_4\" >Multiple localit\u00e9 Titre<\/label>\n\t\t\t<input type=\"text\" id=\"wpforms-1479-field_4\" class=\"wpforms-field-medium\" name=\"wpforms[fields][4]\" >\n\t\t<\/div>\n\t\t<div id=\"wpforms-1479-field_1-container\" class=\"wpforms-field wpforms-field-name\" data-field-id=\"1\"><fieldset><legend class=\"wpforms-field-label\">Nom <span class=\"wpforms-required-label\" aria-hidden=\"true\">*<\/span><\/legend><div class=\"wpforms-field-row wpforms-field-large\"><div class=\"wpforms-field-row-block wpforms-first wpforms-one-half\"><input type=\"text\" id=\"wpforms-1479-field_1\" class=\"wpforms-field-name-first wpforms-field-required\" name=\"wpforms[fields][1][first]\" aria-errormessage=\"wpforms-1479-field_1-error\" required><label for=\"wpforms-1479-field_1\" class=\"wpforms-field-sublabel after\">Pr\u00e9nom<\/label><\/div><div class=\"wpforms-field-row-block wpforms-one-half\"><input type=\"text\" id=\"wpforms-1479-field_1-last\" class=\"wpforms-field-name-last wpforms-field-required\" name=\"wpforms[fields][1][last]\" aria-errormessage=\"wpforms-1479-field_1-last-error\" required><label for=\"wpforms-1479-field_1-last\" class=\"wpforms-field-sublabel after\">Nom<\/label><\/div><\/div><\/fieldset><\/div><div id=\"wpforms-1479-field_2-container\" class=\"wpforms-field wpforms-field-text\" data-field-id=\"2\"><label class=\"wpforms-field-label\" for=\"wpforms-1479-field_2\">\u00e9ventuellement clinique\/cabinet<\/label><input type=\"text\" id=\"wpforms-1479-field_2\" class=\"wpforms-field-large\" name=\"wpforms[fields][2]\" aria-errormessage=\"wpforms-1479-field_2-error\" ><\/div><div id=\"wpforms-1479-field_6-container\" class=\"wpforms-field wpforms-field-text\" data-field-id=\"6\"><label class=\"wpforms-field-label\" for=\"wpforms-1479-field_6\">Rue &amp; No. <span class=\"wpforms-required-label\" aria-hidden=\"true\">*<\/span><\/label><input type=\"text\" id=\"wpforms-1479-field_6\" class=\"wpforms-field-large wpforms-field-required\" name=\"wpforms[fields][6]\" aria-errormessage=\"wpforms-1479-field_6-error\" required><\/div><div id=\"wpforms-1479-field_7-container\" class=\"wpforms-field wpforms-field-text\" data-field-id=\"7\"><label class=\"wpforms-field-label\" for=\"wpforms-1479-field_7\">Code postal <span class=\"wpforms-required-label\" aria-hidden=\"true\">*<\/span><\/label><input type=\"text\" id=\"wpforms-1479-field_7\" class=\"wpforms-field-large wpforms-field-required\" name=\"wpforms[fields][7]\" aria-errormessage=\"wpforms-1479-field_7-error\" required><\/div><div id=\"wpforms-1479-field_8-container\" class=\"wpforms-field wpforms-field-text\" data-field-id=\"8\"><label class=\"wpforms-field-label\" for=\"wpforms-1479-field_8\">localit\u00e9 <span class=\"wpforms-required-label\" aria-hidden=\"true\">*<\/span><\/label><input type=\"text\" id=\"wpforms-1479-field_8\" class=\"wpforms-field-large wpforms-field-required\" name=\"wpforms[fields][8]\" aria-errormessage=\"wpforms-1479-field_8-error\" required><\/div><div id=\"wpforms-1479-field_9-container\" class=\"wpforms-field wpforms-field-email\" data-field-id=\"9\"><label class=\"wpforms-field-label\" for=\"wpforms-1479-field_9\">E-Mail <span class=\"wpforms-required-label\" aria-hidden=\"true\">*<\/span><\/label><input type=\"email\" id=\"wpforms-1479-field_9\" class=\"wpforms-field-large wpforms-field-required\" name=\"wpforms[fields][9]\" spellcheck=\"false\" aria-errormessage=\"wpforms-1479-field_9-error\" required><\/div><div id=\"wpforms-1479-field_10-container\" class=\"wpforms-field wpforms-field-text\" data-field-id=\"10\"><label class=\"wpforms-field-label\" for=\"wpforms-1479-field_10\">Mobile<\/label><input type=\"text\" id=\"wpforms-1479-field_10\" class=\"wpforms-field-large\" name=\"wpforms[fields][10]\" aria-errormessage=\"wpforms-1479-field_10-error\" ><\/div><div id=\"wpforms-1479-field_11-container\" class=\"wpforms-field wpforms-field-text\" data-field-id=\"11\"><label class=\"wpforms-field-label\" for=\"wpforms-1479-field_11\">Activit\u00e9s professionnelles<\/label><input type=\"text\" id=\"wpforms-1479-field_11\" class=\"wpforms-field-large\" name=\"wpforms[fields][11]\" aria-errormessage=\"wpforms-1479-field_11-error\" ><\/div><div id=\"wpforms-1479-field_12-container\" class=\"wpforms-field wpforms-field-radio wpforms-list-2-columns\" data-field-id=\"12\"><fieldset><legend class=\"wpforms-field-label wpforms-label-hide\" aria-hidden=\"false\">Multiple Choice<\/legend><ul id=\"wpforms-1479-field_12\"><li class=\"choice-1 depth-1\"><input type=\"radio\" id=\"wpforms-1479-field_12_1\" name=\"wpforms[fields][12]\" value=\"m\u00e9decin hospitalier\" aria-errormessage=\"wpforms-1479-field_12_1-error\"  ><label class=\"wpforms-field-label-inline\" for=\"wpforms-1479-field_12_1\">m\u00e9decin hospitalier<\/label><\/li><li class=\"choice-2 depth-1\"><input type=\"radio\" id=\"wpforms-1479-field_12_2\" name=\"wpforms[fields][12]\" value=\"m\u00e9decin lib\u00e9ral\" aria-errormessage=\"wpforms-1479-field_12_2-error\"  ><label class=\"wpforms-field-label-inline\" for=\"wpforms-1479-field_12_2\">m\u00e9decin lib\u00e9ral<\/label><\/li><\/ul><\/fieldset><\/div><script>\n\t\t\t\t( function() {\n\t\t\t\t\tconst style = document.createElement( 'style' );\n\t\t\t\t\tstyle.appendChild( document.createTextNode( '#wpforms-1479-field_4-container { position: absolute !important; overflow: hidden !important; display: inline !important; height: 1px !important; width: 1px !important; z-index: -1000 !important; padding: 0 !important; } #wpforms-1479-field_4-container input { visibility: hidden; } #wpforms-conversational-form-page #wpforms-1479-field_4-container label { counter-increment: none; }' ) );\n\t\t\t\t\tdocument.head.appendChild( style );\n\t\t\t\t\tdocument.currentScript?.remove();\n\t\t\t\t} )();\n\t\t\t<\/script><\/div><!-- .wpforms-field-container --><div class=\"wpforms-submit-container\" ><input type=\"hidden\" name=\"wpforms[id]\" value=\"1479\"><input type=\"hidden\" name=\"page_title\" value=\"\"><input type=\"hidden\" name=\"page_url\" value=\"https:\/\/menopause.projecttac.com\/fr\/wp-json\/wp\/v2\/pages\/380\"><input type=\"hidden\" name=\"url_referer\" value=\"\"><button type=\"submit\" name=\"wpforms[submit]\" id=\"wpforms-submit-1479\" class=\"wpforms-submit\" data-alt-text=\"Senden\u2026\" data-submit-text=\"Absenden\" aria-live=\"assertive\" value=\"wpforms-submit\">Absenden<\/button><img loading=\"lazy\" decoding=\"async\" src=\"https:\/\/menopause.projecttac.com\/wp-content\/plugins\/wpforms-lite\/assets\/images\/submit-spin.svg\" class=\"wpforms-submit-spinner\" style=\"display: none;\" width=\"26\" height=\"26\" alt=\"Chargement en cours\"><\/div><\/form><\/div>  <!-- .wpforms-container --><\/div>\n<\/div>\n","protected":false},"excerpt":{"rendered":"<p>Devenir membre Nous nous r\u00e9jouissons de recevoir votre demande d&rsquo;adh\u00e9sion si vous souhaitez devenir membre.<\/p>\n","protected":false},"author":2,"featured_media":0,"parent":0,"menu_order":900,"comment_status":"closed","ping_status":"closed","template":"page-no-title","meta":{"footnotes":""},"class_list":["post-380","page","type-page","status-publish","hentry"],"_links":{"self":[{"href":"https:\/\/menopause.projecttac.com\/fr\/wp-json\/wp\/v2\/pages\/380","targetHints":{"allow":["GET"]}}],"collection":[{"href":"https:\/\/menopause.projecttac.com\/fr\/wp-json\/wp\/v2\/pages"}],"about":[{"href":"https:\/\/menopause.projecttac.com\/fr\/wp-json\/wp\/v2\/types\/page"}],"author":[{"embeddable":true,"href":"https:\/\/menopause.projecttac.com\/fr\/wp-json\/wp\/v2\/users\/2"}],"replies":[{"embeddable":true,"href":"https:\/\/menopause.projecttac.com\/fr\/wp-json\/wp\/v2\/comments?post=380"}],"version-history":[{"count":40,"href":"https:\/\/menopause.projecttac.com\/fr\/wp-json\/wp\/v2\/pages\/380\/revisions"}],"predecessor-version":[{"id":1503,"href":"https:\/\/menopause.projecttac.com\/fr\/wp-json\/wp\/v2\/pages\/380\/revisions\/1503"}],"wp:attachment":[{"href":"https:\/\/menopause.projecttac.com\/fr\/wp-json\/wp\/v2\/media?parent=380"}],"curies":[{"name":"wp","href":"https:\/\/api.w.org\/{rel}","templated":true}]}}