{"id":373,"date":"2026-01-16T16:52:30","date_gmt":"2026-01-16T15:52:30","guid":{"rendered":"https:\/\/menopause.projecttac.com\/wissenschaftspreise\/"},"modified":"2026-01-31T23:03:51","modified_gmt":"2026-01-31T22:03:51","slug":"wissenschaftspreise","status":"publish","type":"page","link":"https:\/\/menopause.projecttac.com\/fr\/wissenschaftspreise\/","title":{"rendered":"Prix scientifiques"},"content":{"rendered":"\n<figure class=\"wp-block-image size-full has-custom-border\"><img loading=\"lazy\" decoding=\"async\" width=\"2560\" height=\"659\" src=\"https:\/\/menopause.projecttac.com\/wp-content\/uploads\/2026\/01\/AdobeStock_119610416-scaled.jpeg\" alt=\"\" class=\"wp-image-664\" style=\"border-top-left-radius:5px;border-top-right-radius:5px;border-bottom-left-radius:5px;border-bottom-right-radius:5px\" srcset=\"https:\/\/menopause.projecttac.com\/wp-content\/uploads\/2026\/01\/AdobeStock_119610416-scaled.jpeg 2560w, https:\/\/menopause.projecttac.com\/wp-content\/uploads\/2026\/01\/AdobeStock_119610416-300x77.jpeg 300w, https:\/\/menopause.projecttac.com\/wp-content\/uploads\/2026\/01\/AdobeStock_119610416-1024x264.jpeg 1024w, https:\/\/menopause.projecttac.com\/wp-content\/uploads\/2026\/01\/AdobeStock_119610416-768x198.jpeg 768w, https:\/\/menopause.projecttac.com\/wp-content\/uploads\/2026\/01\/AdobeStock_119610416-1536x396.jpeg 1536w, https:\/\/menopause.projecttac.com\/wp-content\/uploads\/2026\/01\/AdobeStock_119610416-2048x528.jpeg 2048w\" sizes=\"auto, (max-width: 2560px) 100vw, 2560px\" \/><\/figure>\n\n\n\n<p>Vous trouverez dans les pages suivantes des informations sur les diff\u00e9rents prix, les conditions de participation et les modalit\u00e9s de soumission.<\/p>\n\n\n\n<p>La SSEGM r\u00e9compense d&rsquo;excellents travaux scientifiques dans le domaine de l&rsquo;endocrinologie gyn\u00e9cologique couvrant toutes les phases de la vie de la femme et soutient les \u00e9changes scientifiques interdisciplinaires, \u00e0 travers ses prix scientifiques.<\/p>\n\n\n\n<div class=\"wp-block-buttons has-base-background-color has-background is-content-justification-center is-layout-flex wp-container-core-buttons-is-layout-749adb30 wp-block-buttons-is-layout-flex\">\n<div class=\"wp-block-button\"><a class=\"wp-block-button__link has-background wp-element-button\" href=\"https:\/\/menopause.projecttac.com\/wissenschaftspreise\/sgem\/\" style=\"background-color:#d2696d\">Le prix scientifique SSEGM<\/a><\/div>\n\n\n\n<div class=\"wp-block-button\"><a class=\"wp-block-button__link has-background has-text-align-right wp-element-button\" href=\"https:\/\/menopause.projecttac.com\/wissenschaftspreise\/ager\/\" style=\"background-color:#d2696d\">Prix de publication GTER<\/a><\/div>\n<\/div>\n\n\n\n<p><\/p>\n","protected":false},"excerpt":{"rendered":"<p>Vous trouverez dans les pages suivantes des informations sur les diff\u00e9rents prix, les conditions de participation et les modalit\u00e9s de soumission. La SSEGM r\u00e9compense d&rsquo;excellents travaux scientifiques dans le domaine de l&rsquo;endocrinologie gyn\u00e9cologique couvrant toutes les phases de la vie de la femme et soutient les \u00e9changes scientifiques interdisciplinaires, \u00e0 travers ses prix scientifiques.<\/p>\n","protected":false},"author":2,"featured_media":0,"parent":0,"menu_order":300,"comment_status":"closed","ping_status":"closed","template":"","meta":{"footnotes":""},"class_list":["post-373","page","type-page","status-publish","hentry"],"_links":{"self":[{"href":"https:\/\/menopause.projecttac.com\/fr\/wp-json\/wp\/v2\/pages\/373","targetHints":{"allow":["GET"]}}],"collection":[{"href":"https:\/\/menopause.projecttac.com\/fr\/wp-json\/wp\/v2\/pages"}],"about":[{"href":"https:\/\/menopause.projecttac.com\/fr\/wp-json\/wp\/v2\/types\/page"}],"author":[{"embeddable":true,"href":"https:\/\/menopause.projecttac.com\/fr\/wp-json\/wp\/v2\/users\/2"}],"replies":[{"embeddable":true,"href":"https:\/\/menopause.projecttac.com\/fr\/wp-json\/wp\/v2\/comments?post=373"}],"version-history":[{"count":9,"href":"https:\/\/menopause.projecttac.com\/fr\/wp-json\/wp\/v2\/pages\/373\/revisions"}],"predecessor-version":[{"id":1421,"href":"https:\/\/menopause.projecttac.com\/fr\/wp-json\/wp\/v2\/pages\/373\/revisions\/1421"}],"wp:attachment":[{"href":"https:\/\/menopause.projecttac.com\/fr\/wp-json\/wp\/v2\/media?parent=373"}],"curies":[{"name":"wp","href":"https:\/\/api.w.org\/{rel}","templated":true}]}}