{"id":275,"date":"2024-12-20T17:49:30","date_gmt":"2024-12-20T16:49:30","guid":{"rendered":"https:\/\/menopause.projecttac.com\/?page_id=275"},"modified":"2026-01-31T23:15:29","modified_gmt":"2026-01-31T22:15:29","slug":"ager","status":"publish","type":"page","link":"https:\/\/menopause.projecttac.com\/fr\/wissenschaftspreise\/ager\/","title":{"rendered":"AGER Publikationspreis"},"content":{"rendered":"\n<div class=\"wp-block-group alignfull is-style-section-1 has-background has-global-padding is-layout-constrained wp-block-group-is-layout-constrained is-style-section-1--1\" style=\"background-color:#ebebeb;margin-top:0;margin-bottom:0;padding-top:var(--wp--preset--spacing--60);padding-bottom:var(--wp--preset--spacing--60)\">\n<div class=\"wp-block-columns alignwide is-layout-flex wp-container-core-columns-is-layout-643ced6b wp-block-columns-is-layout-flex\">\n<div class=\"wp-block-column is-layout-flow wp-block-column-is-layout-flow\" style=\"flex-basis:40%\">\n<figure class=\"wp-block-image aligncenter size-full has-custom-border\" style=\"margin-top:0;margin-bottom:0\"><img loading=\"lazy\" decoding=\"async\" width=\"1964\" height=\"1964\" src=\"https:\/\/menopause.projecttac.com\/wp-content\/uploads\/2026\/01\/AdobeStock_326369835-edited.jpeg\" alt=\"\" class=\"wp-image-715\" style=\"border-top-left-radius:5px;border-top-right-radius:5px;border-bottom-left-radius:5px;border-bottom-right-radius:5px\" srcset=\"https:\/\/menopause.projecttac.com\/wp-content\/uploads\/2026\/01\/AdobeStock_326369835-edited.jpeg 1964w, https:\/\/menopause.projecttac.com\/wp-content\/uploads\/2026\/01\/AdobeStock_326369835-edited-300x300.jpeg 300w, https:\/\/menopause.projecttac.com\/wp-content\/uploads\/2026\/01\/AdobeStock_326369835-edited-1024x1024.jpeg 1024w, https:\/\/menopause.projecttac.com\/wp-content\/uploads\/2026\/01\/AdobeStock_326369835-edited-150x150.jpeg 150w, https:\/\/menopause.projecttac.com\/wp-content\/uploads\/2026\/01\/AdobeStock_326369835-edited-768x768.jpeg 768w, https:\/\/menopause.projecttac.com\/wp-content\/uploads\/2026\/01\/AdobeStock_326369835-edited-1536x1536.jpeg 1536w\" sizes=\"auto, (max-width: 1964px) 100vw, 1964px\" \/><\/figure>\n<\/div>\n\n\n\n<div class=\"wp-block-column is-vertically-aligned-center is-layout-flow wp-container-core-column-is-layout-119bc444 wp-block-column-is-layout-flow\" style=\"flex-basis:60%\">\n<h1 class=\"wp-block-heading\">Prix de publication GTER 2026<\/h1>\n\n\n\n<p>Le <strong>prix de publication GTER<\/strong> est d\u00e9cern\u00e9 pour <strong>la quatri\u00e8me fois<\/strong>. Il r\u00e9compense le <strong>meilleur travail scientifique publi\u00e9<\/strong> dans les domaines de<strong> l&rsquo;endocrinologie gyn\u00e9cologique, de la m\u00e9nopause ou de la m\u00e9decine reproductive<\/strong>.<\/p>\n\n\n\n<p>La remise du prix aura lieu dans le cadre du congr\u00e8s annuel de la <strong>Soci\u00e9t\u00e9 suisse de gyn\u00e9cologie et d&rsquo;obst\u00e9trique (SSGO<\/strong>).<\/p>\n<\/div>\n<\/div>\n<\/div>\n\n\n\n<div class=\"wp-block-group alignfull is-style-default has-global-padding is-layout-constrained wp-block-group-is-layout-constrained\" style=\"margin-top:0;margin-bottom:0;padding-top:var(--wp--preset--spacing--40);padding-bottom:var(--wp--preset--spacing--40)\">\n<div class=\"wp-block-group alignwide has-global-padding is-layout-constrained wp-block-group-is-layout-constrained\">\n<div class=\"wp-block-columns alignwide is-layout-flex wp-container-core-columns-is-layout-7ee84d44 wp-block-columns-is-layout-flex\">\n<div class=\"wp-block-column is-vertically-aligned-center is-layout-flow wp-block-column-is-layout-flow\" style=\"flex-basis:90%\">\n<h2 class=\"wp-block-heading\">Prix<\/h2>\n\n\n\n<p class=\"has-large-font-size\">D&rsquo;une <strong>valeur de 1 000 CHF<\/strong>, le prix est financ\u00e9 conjointement par la <strong>Soci\u00e9t\u00e9 suisse d&rsquo;endocrinologie gyn\u00e9cologique<\/strong>, <strong>de contraception et de m\u00e9nopause<\/strong> (SSEGM) et par la <strong>Soci\u00e9t\u00e9 suisse de m\u00e9decine reproductive<\/strong> (SSMR).<\/p>\n<\/div>\n<\/div>\n<\/div>\n<\/div>\n\n\n\n<div class=\"wp-block-group alignfull is-style-default has-global-padding is-layout-constrained wp-block-group-is-layout-constrained\" style=\"margin-top:0;margin-bottom:0;padding-top:var(--wp--preset--spacing--40);padding-bottom:var(--wp--preset--spacing--40)\">\n<div class=\"wp-block-group alignwide has-global-padding is-layout-constrained wp-block-group-is-layout-constrained\">\n<div class=\"wp-block-columns alignwide is-layout-flex wp-container-core-columns-is-layout-7ee84d44 wp-block-columns-is-layout-flex\">\n<div class=\"wp-block-column is-vertically-aligned-center is-layout-flow wp-block-column-is-layout-flow\" style=\"flex-basis:90%\">\n<h2 class=\"wp-block-heading\">Directives<\/h2>\n\n\n\n<ul class=\"wp-block-list\">\n<li><a href=\"https:\/\/menopause.projecttac.com\/wp-content\/uploads\/2026\/01\/Richtlinien-AGER-Paper-Prize-2025.pdf\">Directives (PDF)<\/a><\/li>\n\n\n\n<li><a href=\"https:\/\/www.sgrm.org\/\" data-type=\"link\" data-id=\"https:\/\/www.sgrm.org\/\">Site web de la SGMR<\/a><\/li>\n<\/ul>\n<\/div>\n<\/div>\n<\/div>\n<\/div>\n\n\n\n<div class=\"wp-block-group alignfull is-style-default has-global-padding is-layout-constrained wp-block-group-is-layout-constrained\" style=\"margin-top:0;margin-bottom:0;padding-top:var(--wp--preset--spacing--40);padding-bottom:var(--wp--preset--spacing--40)\">\n<div class=\"wp-block-group alignwide has-global-padding is-layout-constrained wp-block-group-is-layout-constrained\">\n<div class=\"wp-block-columns alignwide is-layout-flex wp-container-core-columns-is-layout-7ee84d44 wp-block-columns-is-layout-flex\">\n<div class=\"wp-block-column is-vertically-aligned-center is-layout-flow wp-block-column-is-layout-flow\" style=\"flex-basis:90%\">\n<h2 class=\"wp-block-heading\"><strong>Soumission<\/strong><\/h2>\n\n\n\n<p class=\"has-large-font-size\">\u2022 E-mail: administration@sgrm.org<br>\u2022 Date limite de soumission : 31 mai 2026<\/p>\n\n\n\n<p>Les <strong>comit\u00e9s directeurs de l&rsquo;GTER<\/strong>, de la <strong>SSEGM<\/strong> et de la <strong>SSMR<\/strong> se r\u00e9jouissent par avance de recevoir de nombreuses <strong>candidatures.<\/strong><\/p>\n<\/div>\n<\/div>\n<\/div>\n<\/div>\n\n\n\n<div class=\"wp-block-group alignfull is-style-default has-global-padding is-layout-constrained wp-block-group-is-layout-constrained\" style=\"margin-top:0;margin-bottom:0;padding-top:var(--wp--preset--spacing--40);padding-bottom:var(--wp--preset--spacing--40)\">\n<div class=\"wp-block-group alignwide has-global-padding is-layout-constrained wp-block-group-is-layout-constrained\">\n<div class=\"wp-block-columns alignwide is-layout-flex wp-container-core-columns-is-layout-7ee84d44 wp-block-columns-is-layout-flex\">\n<div class=\"wp-block-column is-vertically-aligned-center is-layout-flow wp-block-column-is-layout-flow\" style=\"flex-basis:90%\">\n<h2 class=\"wp-block-heading\">Gewinner:innen<\/h2>\n\n\n\n<ul class=\"wp-block-list\">\n<li><strong>2025<\/strong>: Dimitrios Rafail Kalaitzopoulos avec l&rsquo;article <a href=\"https:\/\/menopause.projecttac.com\/wp-content\/uploads\/2026\/01\/Gewinner-AGER-Preis-2025.pdf\">\u201cChronic Endometritis and Endometriosis: Two Sides of the Same Coin?\u201d<\/a><\/li>\n\n\n\n<li><strong>2024<\/strong>: Sofia Makieva avec l&rsquo;article <a href=\"https:\/\/menopause.projecttac.com\/wp-content\/uploads\/2026\/01\/2023-Makieva-Double-vitrification-and-warming-does-not-compromise-the-chance-of-live-birth-after-single-unbiopsied-blastocyst-transfer.pdf\"><em>\u00ab\u00a0Double vitrification and warming does not compromise the chance of live birth after single unbiopsied blastocyst transfer<\/em>\u00ab\u00a0<\/a><\/li>\n\n\n\n<li><strong>2023<\/strong>: Jana Pape avec l&rsquo;article <a href=\"https:\/\/menopause.projecttac.com\/wp-content\/uploads\/2026\/01\/2022-Pape-Hormone-replacement-cycles-are-associated-with-a-higher-risk-of-hypertensive-disorders-Retrospective-cohort-study-in-singleton-and-twin-pregnancies.pdf\"><em>\u00ab\u00a0Hormone replacement cycles are associated with a higher risk of hypertensive disorders: Retrospective cohort study in singleton and twin pregnancies<\/em>\u00ab\u00a0<\/a><\/li>\n<\/ul>\n<\/div>\n<\/div>\n<\/div>\n<\/div>\n","protected":false},"excerpt":{"rendered":"<p>Prix de publication GTER 2026 Le prix de publication GTER est d\u00e9cern\u00e9 pour la quatri\u00e8me fois. Il r\u00e9compense le meilleur travail scientifique publi\u00e9 dans les domaines de l&rsquo;endocrinologie gyn\u00e9cologique, de la m\u00e9nopause ou de la m\u00e9decine reproductive. La remise du prix aura lieu dans le cadre du congr\u00e8s annuel de la Soci\u00e9t\u00e9 suisse de gyn\u00e9cologie [&hellip;]<\/p>\n","protected":false},"author":2,"featured_media":0,"parent":373,"menu_order":500,"comment_status":"closed","ping_status":"closed","template":"page-no-title","meta":{"footnotes":""},"class_list":["post-275","page","type-page","status-publish","hentry"],"_links":{"self":[{"href":"https:\/\/menopause.projecttac.com\/fr\/wp-json\/wp\/v2\/pages\/275","targetHints":{"allow":["GET"]}}],"collection":[{"href":"https:\/\/menopause.projecttac.com\/fr\/wp-json\/wp\/v2\/pages"}],"about":[{"href":"https:\/\/menopause.projecttac.com\/fr\/wp-json\/wp\/v2\/types\/page"}],"author":[{"embeddable":true,"href":"https:\/\/menopause.projecttac.com\/fr\/wp-json\/wp\/v2\/users\/2"}],"replies":[{"embeddable":true,"href":"https:\/\/menopause.projecttac.com\/fr\/wp-json\/wp\/v2\/comments?post=275"}],"version-history":[{"count":20,"href":"https:\/\/menopause.projecttac.com\/fr\/wp-json\/wp\/v2\/pages\/275\/revisions"}],"predecessor-version":[{"id":1425,"href":"https:\/\/menopause.projecttac.com\/fr\/wp-json\/wp\/v2\/pages\/275\/revisions\/1425"}],"up":[{"embeddable":true,"href":"https:\/\/menopause.projecttac.com\/fr\/wp-json\/wp\/v2\/pages\/373"}],"wp:attachment":[{"href":"https:\/\/menopause.projecttac.com\/fr\/wp-json\/wp\/v2\/media?parent=275"}],"curies":[{"name":"wp","href":"https:\/\/api.w.org\/{rel}","templated":true}]}}