{"id":272,"date":"2024-12-20T17:48:22","date_gmt":"2024-12-20T16:48:22","guid":{"rendered":"https:\/\/menopause.projecttac.com\/?page_id=272"},"modified":"2026-01-31T23:16:52","modified_gmt":"2026-01-31T22:16:52","slug":"sgem","status":"publish","type":"page","link":"https:\/\/menopause.projecttac.com\/fr\/wissenschaftspreise\/sgem\/","title":{"rendered":"Le prix scientifique SSEGM"},"content":{"rendered":"\n<div class=\"wp-block-group alignfull is-style-section-1 has-background has-global-padding is-content-justification-center is-layout-constrained wp-container-core-group-is-layout-f3bc7559 wp-block-group-is-layout-constrained is-style-section-1--1\" style=\"background-color:#ebebeb;margin-top:0;margin-bottom:0;padding-top:var(--wp--preset--spacing--60);padding-bottom:var(--wp--preset--spacing--60)\">\n<div class=\"wp-block-columns alignwide is-layout-flex wp-container-core-columns-is-layout-643ced6b wp-block-columns-is-layout-flex\">\n<div class=\"wp-block-column is-layout-flow wp-block-column-is-layout-flow\" style=\"flex-basis:40%\">\n<figure class=\"wp-block-image aligncenter size-full has-custom-border\"><img loading=\"lazy\" decoding=\"async\" width=\"2560\" height=\"2560\" src=\"https:\/\/menopause.projecttac.com\/wp-content\/uploads\/2026\/01\/AdobeStock_1607007157-edited-scaled.jpeg\" alt=\"\" class=\"wp-image-718\" style=\"border-top-left-radius:5px;border-top-right-radius:5px;border-bottom-left-radius:5px;border-bottom-right-radius:5px\" srcset=\"https:\/\/menopause.projecttac.com\/wp-content\/uploads\/2026\/01\/AdobeStock_1607007157-edited-scaled.jpeg 2560w, https:\/\/menopause.projecttac.com\/wp-content\/uploads\/2026\/01\/AdobeStock_1607007157-edited-300x300.jpeg 300w, https:\/\/menopause.projecttac.com\/wp-content\/uploads\/2026\/01\/AdobeStock_1607007157-edited-1024x1024.jpeg 1024w, https:\/\/menopause.projecttac.com\/wp-content\/uploads\/2026\/01\/AdobeStock_1607007157-edited-150x150.jpeg 150w, https:\/\/menopause.projecttac.com\/wp-content\/uploads\/2026\/01\/AdobeStock_1607007157-edited-768x768.jpeg 768w, https:\/\/menopause.projecttac.com\/wp-content\/uploads\/2026\/01\/AdobeStock_1607007157-edited-1536x1536.jpeg 1536w, https:\/\/menopause.projecttac.com\/wp-content\/uploads\/2026\/01\/AdobeStock_1607007157-edited-2048x2048.jpeg 2048w\" sizes=\"auto, (max-width: 2560px) 100vw, 2560px\" \/><\/figure>\n<\/div>\n\n\n\n<div class=\"wp-block-column is-vertically-aligned-center is-layout-flow wp-container-core-column-is-layout-119bc444 wp-block-column-is-layout-flow\" style=\"flex-basis:60%\">\n<h1 class=\"wp-block-heading\">Le prix scientifique SSEGM<\/h1>\n\n\n\n<p>La <strong>Soci\u00e9t\u00e9 suisse d&rsquo;endocrinologie gyn\u00e9cologique<\/strong>, de contraception et de m\u00e9nopause (SSEGM) encourage la<strong> recherche scientifique sur des th\u00e8mes li\u00e9s \u00e0 l&rsquo;endocrinologie gyn\u00e9cologique tout au long de la vie de la femme par le biais de son prix scientifique.<\/strong><\/p>\n\n\n\n<p>D\u00e9cern\u00e9 chaque ann\u00e9e depuis 2018 \u00e0 l&rsquo;occasion du <strong>Women&rsquo;s Health Congress<\/strong>, le prix r\u00e9compense <strong>le meilleur r\u00e9sum\u00e9 soumis<\/strong>.<\/p>\n<\/div>\n<\/div>\n<\/div>\n\n\n\n<div class=\"wp-block-group alignfull is-style-default has-global-padding is-layout-constrained wp-block-group-is-layout-constrained\" id=\"ziel_themen\" style=\"margin-top:0;margin-bottom:0;padding-top:var(--wp--preset--spacing--40);padding-bottom:var(--wp--preset--spacing--40)\">\n<div class=\"wp-block-columns alignwide has-medium-font-size is-layout-flex wp-container-core-columns-is-layout-0ce16f3d wp-block-columns-is-layout-flex\" style=\"border-style:none;border-width:0px;border-top-left-radius:0px;border-top-right-radius:0px;border-bottom-left-radius:0px;border-bottom-right-radius:0px;margin-top:0;margin-bottom:0;padding-top:0;padding-bottom:0\">\n<div class=\"wp-block-column is-vertically-aligned-center is-style-default is-layout-flow wp-block-column-is-layout-flow\" style=\"flex-basis:90%\">\n<h2 class=\"wp-block-heading\">Objectifs et th\u00e8mes<\/h2>\n\n\n\n<p class=\"has-text-align-left has-large-font-size\">Les r\u00e9sum\u00e9s peuvent porter sur <strong>tous les domaines de l&rsquo;endocrinologie gyn\u00e9cologique, de la contraception et de la m\u00e9nopause<\/strong>. Les <strong>travaux interdisciplinaires<\/strong>, notamment en lien avec la m\u00e9decine interne, sont particuli\u00e8rement les bienvenus. La SSEGM souhaite ainsi promouvoir <strong>le dialogue scientifique<\/strong> <strong>interdisciplinaire<\/strong>.<\/p>\n<\/div>\n<\/div>\n<\/div>\n\n\n\n<div class=\"wp-block-group alignfull is-style-default has-global-padding is-layout-constrained wp-block-group-is-layout-constrained\" id=\"ziel_themen\" style=\"margin-top:0;margin-bottom:0;padding-top:var(--wp--preset--spacing--40);padding-bottom:var(--wp--preset--spacing--40)\">\n<div class=\"wp-block-columns alignwide has-medium-font-size is-layout-flex wp-container-core-columns-is-layout-0ce16f3d wp-block-columns-is-layout-flex\" style=\"border-style:none;border-width:0px;border-top-left-radius:0px;border-top-right-radius:0px;border-bottom-left-radius:0px;border-bottom-right-radius:0px;margin-top:0;margin-bottom:0;padding-top:0;padding-bottom:0\">\n<div class=\"wp-block-column is-vertically-aligned-center is-style-default has-global-padding is-content-justification-left is-layout-constrained wp-container-core-column-is-layout-b821be23 wp-block-column-is-layout-constrained\" style=\"padding-top:0;padding-bottom:0;flex-basis:100%\">\n<h2 class=\"wp-block-heading\">Conditions de participation<\/h2>\n\n\n\n<p class=\"has-large-font-size\"><strong>Prix: <\/strong>1 000 CHF<\/p>\n\n\n\n<p class=\"has-large-font-size\"><strong>\u00c9v\u00e9nement: <\/strong>Congr\u00e8s annuel \/ Women&rsquo;s Health Congress 2027<\/p>\n\n\n\n<p class=\"has-large-font-size\"><strong>Langue: <\/strong>allemand, anglais ou fran\u00e7ais<\/p>\n\n\n\n<p class=\"has-large-font-size\"><strong>Participation: <\/strong>candidatures provenant de Suisse, d&rsquo;Allemagne et d&rsquo;Autriche<\/p>\n<\/div>\n<\/div>\n<\/div>\n\n\n\n<div class=\"wp-block-group alignfull is-style-default has-global-padding is-layout-constrained wp-block-group-is-layout-constrained\" id=\"ziel_themen\" style=\"margin-top:0;margin-bottom:0;padding-top:var(--wp--preset--spacing--40);padding-bottom:var(--wp--preset--spacing--40)\">\n<div class=\"wp-block-columns alignwide has-medium-font-size is-layout-flex wp-container-core-columns-is-layout-0ce16f3d wp-block-columns-is-layout-flex\" style=\"border-style:none;border-width:0px;border-top-left-radius:0px;border-top-right-radius:0px;border-bottom-left-radius:0px;border-bottom-right-radius:0px;margin-top:0;margin-bottom:0;padding-top:0;padding-bottom:0\">\n<div class=\"wp-block-column is-vertically-aligned-center is-style-default has-global-padding is-content-justification-left is-layout-constrained wp-container-core-column-is-layout-b821be23 wp-block-column-is-layout-constrained\" style=\"padding-top:0;padding-bottom:0;flex-basis:100%\">\n<h2 class=\"wp-block-heading\">Directives relatives aux r\u00e9sum\u00e9s<\/h2>\n\n\n\n<p class=\"has-large-font-size\">Longueur maximale<strong> : 500 mots<\/strong><\/p>\n\n\n\n<p class=\"has-large-font-size\"><strong>Structure<\/strong> :<\/p>\n\n\n\n<p class=\"has-text-align-left is-style-default has-medium-font-size\" style=\"margin-top:0;margin-bottom:0;padding-top:0;padding-right:var(--wp--preset--spacing--50);padding-bottom:0;padding-left:var(--wp--preset--spacing--50)\">Introduction \/ Introduction<\/p>\n\n\n\n<p class=\"has-medium-font-size\" style=\"margin-top:0;margin-bottom:0;padding-top:0;padding-right:var(--wp--preset--spacing--50);padding-bottom:0;padding-left:var(--wp--preset--spacing--50)\">Mat\u00e9riel et m\u00e9thodes \/ Material and Methods<\/p>\n\n\n\n<p class=\"has-medium-font-size\" style=\"margin-top:0;margin-bottom:0;padding-top:0;padding-right:var(--wp--preset--spacing--50);padding-bottom:0;padding-left:var(--wp--preset--spacing--50)\">R\u00e9sultats \/ Results<\/p>\n\n\n\n<p class=\"has-medium-font-size\" style=\"margin-top:0;margin-bottom:0;padding-top:0;padding-right:var(--wp--preset--spacing--50);padding-bottom:0;padding-left:var(--wp--preset--spacing--50)\">Discussion \/ Discussion<\/p>\n\n\n\n<p class=\"has-medium-font-size\" style=\"margin-top:0;margin-bottom:0;padding-top:0;padding-right:var(--wp--preset--spacing--50);padding-bottom:0;padding-left:var(--wp--preset--spacing--50)\">Conclusion \/ Conclusion<\/p>\n\n\n\n<p class=\"has-large-font-size\">Format:<strong> document Word<\/strong><\/p>\n<\/div>\n<\/div>\n<\/div>\n\n\n\n<div class=\"wp-block-group alignfull is-style-default has-global-padding is-layout-constrained wp-block-group-is-layout-constrained\" id=\"ziel_themen\" style=\"margin-top:0;margin-bottom:0;padding-top:var(--wp--preset--spacing--40);padding-bottom:var(--wp--preset--spacing--40)\">\n<div class=\"wp-block-columns alignwide has-medium-font-size is-layout-flex wp-container-core-columns-is-layout-0ce16f3d wp-block-columns-is-layout-flex\" style=\"border-style:none;border-width:0px;border-top-left-radius:0px;border-top-right-radius:0px;border-bottom-left-radius:0px;border-bottom-right-radius:0px;margin-top:0;margin-bottom:0;padding-top:0;padding-bottom:0\">\n<div class=\"wp-block-column is-vertically-aligned-center is-style-default has-global-padding is-content-justification-left is-layout-constrained wp-container-core-column-is-layout-b821be23 wp-block-column-is-layout-constrained\" style=\"padding-top:0;padding-bottom:0;flex-basis:100%\">\n<h2 class=\"wp-block-heading\">Soumission<\/h2>\n\n\n\n<p class=\"has-large-font-size\">E-mail: administration@meno-pause.ch<\/p>\n\n\n\n<p class=\"has-large-font-size\">Objet: SEGM \u2013 Prix scientifique<\/p>\n\n\n\n<p class=\"has-large-font-size\">Veuillez indiquer toutes les coordonn\u00e9es de la personne qui soumet la candidature.<\/p>\n\n\n\n<p class=\"has-large-font-size\">Date limite de soumission : 01\/12\/2026<\/p>\n<\/div>\n<\/div>\n<\/div>\n\n\n\n<div class=\"wp-block-group alignfull is-style-default has-global-padding is-layout-constrained wp-block-group-is-layout-constrained\" id=\"ziel_themen\" style=\"margin-top:0;margin-bottom:0;padding-top:var(--wp--preset--spacing--40);padding-bottom:var(--wp--preset--spacing--40)\">\n<div class=\"wp-block-columns alignwide has-medium-font-size is-layout-flex wp-container-core-columns-is-layout-0ce16f3d wp-block-columns-is-layout-flex\" style=\"border-style:none;border-width:0px;border-top-left-radius:0px;border-top-right-radius:0px;border-bottom-left-radius:0px;border-bottom-right-radius:0px;margin-top:0;margin-bottom:0;padding-top:0;padding-bottom:0\">\n<div class=\"wp-block-column is-vertically-aligned-center is-style-default is-layout-flow wp-block-column-is-layout-flow\" style=\"flex-basis:90%\">\n<h2 class=\"wp-block-heading\">Pr\u00e9sentation<\/h2>\n\n\n\n<p class=\"has-text-align-left has-large-font-size\">La laur\u00e9ate ou le laur\u00e9at pr\u00e9sentera le r\u00e9sum\u00e9 prim\u00e9 lors d&rsquo;une<strong> conf\u00e9rence libre de 10 minutes <\/strong>au congr\u00e8s<strong> Women&rsquo;s Health 2027.<\/strong><\/p>\n<\/div>\n<\/div>\n<\/div>\n\n\n\n<div class=\"wp-block-group alignfull is-style-default has-contrast-color has-text-color has-link-color wp-elements-19ce4a6bf4415c5d9abb107e2df3f169 has-global-padding is-layout-constrained wp-block-group-is-layout-constrained\" id=\"ziel_themen\" style=\"margin-top:0;margin-bottom:0;padding-top:var(--wp--preset--spacing--40);padding-bottom:var(--wp--preset--spacing--40)\">\n<div class=\"wp-block-columns alignwide has-medium-font-size is-layout-flex wp-container-core-columns-is-layout-0ce16f3d wp-block-columns-is-layout-flex\" style=\"border-style:none;border-width:0px;border-top-left-radius:0px;border-top-right-radius:0px;border-bottom-left-radius:0px;border-bottom-right-radius:0px;margin-top:0;margin-bottom:0;padding-top:0;padding-bottom:0\">\n<div class=\"wp-block-column is-vertically-aligned-center is-style-default is-layout-flow wp-block-column-is-layout-flow\" style=\"flex-basis:90%\">\n<h2 class=\"wp-block-heading\"><strong>Gagnants<\/strong><\/h2>\n\n\n\n<ul class=\"wp-block-list\">\n<li class=\"has-large-font-size\"><strong>2026<\/strong>: Joanna Paciorkowska &#8211; \u00ab\u00a0<em>Impact of Menopausal Status on Sexual Health in Women After Breast Cancer- An Analysis of the BRandO-BiO-Cohort<\/em>\u00ab\u00a0<\/li>\n\n\n\n<li class=\"has-text-color has-link-color has-large-font-size wp-elements-ab3d05dc0c9a9c038f7c6fc1debb14dd\" style=\"color:#941c26d9\"><strong>2025<\/strong>: non attribu\u00e9<\/li>\n\n\n\n<li class=\"has-large-font-size\"><strong>2024<\/strong>: Katja Winterberger, Bern &#8211; \u00ab\u00a0<em>Unmet clinical needs in women with polycystic ovary syndrome suffering from hyper-androgenism \u2013 a cross-sectional study<\/em>\u00ab\u00a0<\/li>\n\n\n\n<li class=\"has-text-color has-link-color has-large-font-size wp-elements-4e8d82e1fa7110b5fa53cf8261c33d96\" style=\"color:#941c26d9\"><strong>2023<\/strong>: Julia Estermann, Nottwil &#8211; \u00ab\u00a0<em>Unmet clinical needs in women with polycystic ovary syndrome suffering from hyper-androgenism \u2013 a cross-sectional study<\/em>\u00ab\u00a0<\/li>\n\n\n\n<li class=\"has-large-font-size\"><strong>2022<\/strong>: Dr. med. Sabrina Baumgartner, Z\u00fcrich &#8211; \u00ab\u00a0<em>Cognitive health after menopause: Does menopausal hormone therapy affect it?<\/em>\u00ab\u00a0<\/li>\n\n\n\n<li class=\"has-text-color has-link-color has-large-font-size wp-elements-f6ff9f8499ad3fb0a33f09ac90d1225d\" style=\"color:#941c26d9\"><strong>2021<\/strong>: Marina Sourouni, M\u00fcnster &#8211; \u00ab\u00a0<em>Rolle der Tumormikroumgebung in der Entwicklung von DCIS zu invasivem Brustkrebs und Bedeutung f\u00fcr die postmenopausale Frau<\/em>\u00ab\u00a0<\/li>\n\n\n\n<li class=\"has-text-color has-link-color has-large-font-size wp-elements-46485bbdc22184467e291b3faee2a22f\" style=\"color:#000000b3\"><strong>2020<\/strong>: Marina Sourouni, M\u00fcnster &#8211; \u00ab\u00a0<em>Rolle der Tumormikroumgebung in der Entwicklung von DCIS zu invasivem Brustkrebs und Bedeutung f\u00fcr die postmenopausale Frau<\/em>\u00ab\u00a0<\/li>\n\n\n\n<li class=\"has-text-color has-link-color has-large-font-size wp-elements-f37aa7fac0c946186e0193d036aa2817\" style=\"color:#941c26d9\"><strong>2019<\/strong>: Prof. Dr. Michael von Wolff, Bern &#8211; \u00ab\u00a0<em>Serum Anti-Mullerian hormone (AMH) is a limited prognostic parameter for the density of primordial follicles and is therefore a poor prognostic factor for the onset of menopause<\/em>\u00ab\u00a0<\/li>\n\n\n\n<li class=\"has-text-color has-link-color has-large-font-size wp-elements-dbe0ed1141d7a54e5fa54f84c15aa41c\" style=\"color:#000000b3\"><strong>2018<\/strong>: Nada Woodtli, Bern &#8211; \u00ab\u00a0<em>Attitude towards Social Freezing in Swiss women \u2013 a cross sectional study<\/em>\u00ab\u00a0<\/li>\n<\/ul>\n\n\n\n<p><\/p>\n<\/div>\n<\/div>\n<\/div>\n\n\n\n<p><\/p>\n","protected":false},"excerpt":{"rendered":"<p>Le prix scientifique SSEGM La Soci\u00e9t\u00e9 suisse d&rsquo;endocrinologie gyn\u00e9cologique, de contraception et de m\u00e9nopause (SSEGM) encourage la recherche scientifique sur des th\u00e8mes li\u00e9s \u00e0 l&rsquo;endocrinologie gyn\u00e9cologique tout au long de la vie de la femme par le biais de son prix scientifique. D\u00e9cern\u00e9 chaque ann\u00e9e depuis 2018 \u00e0 l&rsquo;occasion du Women&rsquo;s Health Congress, le prix [&hellip;]<\/p>\n","protected":false},"author":2,"featured_media":0,"parent":373,"menu_order":400,"comment_status":"closed","ping_status":"closed","template":"page-no-title","meta":{"footnotes":""},"class_list":["post-272","page","type-page","status-publish","hentry"],"_links":{"self":[{"href":"https:\/\/menopause.projecttac.com\/fr\/wp-json\/wp\/v2\/pages\/272","targetHints":{"allow":["GET"]}}],"collection":[{"href":"https:\/\/menopause.projecttac.com\/fr\/wp-json\/wp\/v2\/pages"}],"about":[{"href":"https:\/\/menopause.projecttac.com\/fr\/wp-json\/wp\/v2\/types\/page"}],"author":[{"embeddable":true,"href":"https:\/\/menopause.projecttac.com\/fr\/wp-json\/wp\/v2\/users\/2"}],"replies":[{"embeddable":true,"href":"https:\/\/menopause.projecttac.com\/fr\/wp-json\/wp\/v2\/comments?post=272"}],"version-history":[{"count":29,"href":"https:\/\/menopause.projecttac.com\/fr\/wp-json\/wp\/v2\/pages\/272\/revisions"}],"predecessor-version":[{"id":1426,"href":"https:\/\/menopause.projecttac.com\/fr\/wp-json\/wp\/v2\/pages\/272\/revisions\/1426"}],"up":[{"embeddable":true,"href":"https:\/\/menopause.projecttac.com\/fr\/wp-json\/wp\/v2\/pages\/373"}],"wp:attachment":[{"href":"https:\/\/menopause.projecttac.com\/fr\/wp-json\/wp\/v2\/media?parent=272"}],"curies":[{"name":"wp","href":"https:\/\/api.w.org\/{rel}","templated":true}]}}