{"id":16,"date":"2024-12-10T11:26:54","date_gmt":"2024-12-10T10:26:54","guid":{"rendered":"https:\/\/menopause.projecttac.com\/?page_id=16"},"modified":"2026-02-04T21:42:09","modified_gmt":"2026-02-04T20:42:09","slug":"vorstand","status":"publish","type":"page","link":"https:\/\/menopause.projecttac.com\/fr\/vorstand\/","title":{"rendered":"Comit\u00e9 directeur"},"content":{"rendered":"\n<div class=\"wp-block-group has-global-padding is-layout-constrained wp-block-group-is-layout-constrained\" style=\"margin-top:var(--wp--preset--spacing--20);margin-bottom:var(--wp--preset--spacing--20)\">\n<p>Le comit\u00e9 directeur est compos\u00e9 des membres suivants:<\/p>\n<\/div>\n\n\n\n<div class=\"wp-block-group alignfull is-style-section-1 has-background has-global-padding is-layout-constrained wp-container-core-group-is-layout-80a5842d wp-block-group-is-layout-constrained is-style-section-1--1\" style=\"background-color:#ebebeb;min-height:0vh;margin-top:0;margin-bottom:0;padding-top:var(--wp--preset--spacing--50);padding-right:var(--wp--preset--spacing--80);padding-bottom:var(--wp--preset--spacing--50);padding-left:var(--wp--preset--spacing--80)\">\n<div class=\"wp-block-columns alignwide is-layout-flex wp-container-core-columns-is-layout-28232c24 wp-block-columns-is-layout-flex\">\n<div class=\"wp-block-column is-vertically-aligned-top is-layout-flow wp-block-column-is-layout-flow\">\n<figure class=\"wp-block-image aligncenter size-full has-custom-border\"><img loading=\"lazy\" decoding=\"async\" width=\"292\" height=\"377\" src=\"https:\/\/menopause.projecttac.com\/wp-content\/uploads\/2024\/12\/Dr._Susanna_Weidlinger_HP_final.jpg\" alt=\"\" class=\"wp-image-197\" style=\"border-top-left-radius:0px;border-top-right-radius:100px;border-bottom-left-radius:100px;border-bottom-right-radius:0px\" srcset=\"https:\/\/menopause.projecttac.com\/wp-content\/uploads\/2024\/12\/Dr._Susanna_Weidlinger_HP_final.jpg 292w, https:\/\/menopause.projecttac.com\/wp-content\/uploads\/2024\/12\/Dr._Susanna_Weidlinger_HP_final-232x300.jpg 232w\" sizes=\"auto, (max-width: 292px) 100vw, 292px\" \/><\/figure>\n<\/div>\n\n\n\n<div class=\"wp-block-column is-vertically-aligned-center is-layout-flow wp-block-column-is-layout-flow\">\n<div class=\"wp-block-group is-vertical is-content-justification-stretch is-layout-flex wp-container-core-group-is-layout-353c4f5a wp-block-group-is-layout-flex\">\n<div class=\"wp-block-group has-global-padding is-layout-constrained wp-block-group-is-layout-constrained\" style=\"padding-top:var(--wp--preset--spacing--30);padding-bottom:var(--wp--preset--spacing--30)\">\n<h3 class=\"wp-block-heading has-text-align-left has-accent-3-color has-text-color has-link-color wp-elements-a7cb93ad3a48f5cfd7a1741e933ab0d8\"><strong>Dr. med. Susanna Weidlinger<\/strong><br>Pr\u00e9sidente<\/h3>\n\n\n\n<p>Ober\u00e4rztin<br>Abt. Gyn\u00e4kologische Endokrinologie und Reproduktionsmedizin<br><strong>Universit\u00e4tsklinik f\u00fcr Frauenheilkunde<\/strong><br><strong>Inselspital Bern<\/strong><\/p>\n\n\n\n<p>Friedb\u00fchlstrasse 19<br>CH-3010 Bern, Schweiz<br><br><a href=\"mailto:susanna.weidlinger@insel.ch\">susanna.weidlinger@insel.ch<\/a><\/p>\n<\/div>\n<\/div>\n<\/div>\n<\/div>\n<\/div>\n\n\n\n<div class=\"wp-block-group alignfull is-style-default has-global-padding is-layout-constrained wp-container-core-group-is-layout-80a5842d wp-block-group-is-layout-constrained\" style=\"min-height:0vh;margin-top:0;margin-bottom:0;padding-top:var(--wp--preset--spacing--50);padding-right:var(--wp--preset--spacing--80);padding-bottom:var(--wp--preset--spacing--50);padding-left:var(--wp--preset--spacing--80)\">\n<div class=\"wp-block-columns alignwide are-vertically-aligned-center is-layout-flex wp-container-core-columns-is-layout-28232c24 wp-block-columns-is-layout-flex\">\n<div class=\"wp-block-column is-vertically-aligned-center is-layout-flow wp-block-column-is-layout-flow\">\n<figure class=\"wp-block-image aligncenter size-full is-resized\"><img loading=\"lazy\" decoding=\"async\" width=\"267\" height=\"345\" src=\"https:\/\/menopause.projecttac.com\/wp-content\/uploads\/2026\/01\/UrsulaGobrecht_Keller_HP-edited-3.jpg\" alt=\"\" class=\"wp-image-588\" style=\"aspect-ratio:0.7734664888161619;width:300px;height:auto\" srcset=\"https:\/\/menopause.projecttac.com\/wp-content\/uploads\/2026\/01\/UrsulaGobrecht_Keller_HP-edited-3.jpg 267w, https:\/\/menopause.projecttac.com\/wp-content\/uploads\/2026\/01\/UrsulaGobrecht_Keller_HP-edited-3-232x300.jpg 232w\" sizes=\"auto, (max-width: 267px) 100vw, 267px\" \/><\/figure>\n<\/div>\n\n\n\n<div class=\"wp-block-column is-vertically-aligned-center is-layout-flow wp-block-column-is-layout-flow\">\n<div class=\"wp-block-group is-vertical is-content-justification-stretch is-layout-flex wp-container-core-group-is-layout-353c4f5a wp-block-group-is-layout-flex\">\n<div class=\"wp-block-group has-global-padding is-layout-constrained wp-block-group-is-layout-constrained\" style=\"padding-top:var(--wp--preset--spacing--30);padding-bottom:var(--wp--preset--spacing--30)\">\n<h3 class=\"wp-block-heading has-text-align-left\"><strong><strong>Dr. med. Ursula Gobrecht-Keller<\/strong><\/strong><br>Vice-pr\u00e9sidente<\/h3>\n\n\n\n<p>Leiterin (ad interim) und Kader\u00e4rztin<br><strong>Institut f\u00fcr Reproduktionsmedizin und gyn\u00e4kologische Endokrinologie<\/strong><br>Universit\u00e4t Basel<\/p>\n\n\n\n<p>Vogesenstrasse 134<br>CH-4031 Basel<\/p>\n\n\n\n<p><a href=\"mailto:ursula.gobrecht@usb.ch\">ursula.gobrecht@usb.ch<\/a><br><\/p>\n<\/div>\n<\/div>\n<\/div>\n<\/div>\n<\/div>\n\n\n\n<div class=\"wp-block-group alignfull is-style-section-1 has-background has-global-padding is-layout-constrained wp-container-core-group-is-layout-80a5842d wp-block-group-is-layout-constrained is-style-section-1--2\" style=\"background-color:#ebebeb;min-height:0vh;margin-top:0;margin-bottom:0;padding-top:var(--wp--preset--spacing--50);padding-right:var(--wp--preset--spacing--80);padding-bottom:var(--wp--preset--spacing--50);padding-left:var(--wp--preset--spacing--80)\">\n<div class=\"wp-block-columns alignwide are-vertically-aligned-center is-layout-flex wp-container-core-columns-is-layout-28232c24 wp-block-columns-is-layout-flex\">\n<div class=\"wp-block-column is-vertically-aligned-center is-layout-flow wp-block-column-is-layout-flow\">\n<figure class=\"wp-block-image aligncenter size-full\"><img loading=\"lazy\" decoding=\"async\" width=\"284\" height=\"389\" src=\"https:\/\/menopause.projecttac.com\/wp-content\/uploads\/2024\/12\/MargaretheRossmanith_Halder_HP_2024_final.jpg\" alt=\"\" class=\"wp-image-198\" srcset=\"https:\/\/menopause.projecttac.com\/wp-content\/uploads\/2024\/12\/MargaretheRossmanith_Halder_HP_2024_final.jpg 284w, https:\/\/menopause.projecttac.com\/wp-content\/uploads\/2024\/12\/MargaretheRossmanith_Halder_HP_2024_final-219x300.jpg 219w\" sizes=\"auto, (max-width: 284px) 100vw, 284px\" \/><\/figure>\n<\/div>\n\n\n\n<div class=\"wp-block-column is-vertically-aligned-center is-layout-flow wp-block-column-is-layout-flow\">\n<div class=\"wp-block-group is-vertical is-content-justification-stretch is-layout-flex wp-container-core-group-is-layout-353c4f5a wp-block-group-is-layout-flex\">\n<div class=\"wp-block-group has-global-padding is-layout-constrained wp-block-group-is-layout-constrained\" style=\"margin-top:0;margin-bottom:0;padding-top:var(--wp--preset--spacing--30);padding-bottom:var(--wp--preset--spacing--30)\">\n<h3 class=\"wp-block-heading has-text-align-left\"><strong><strong>Dr. med. Margarethe Rossmanith-Halder<\/strong><\/strong><br>Secr\u00e9taire<\/h3>\n\n\n\n<p>Fach\u00e4rztin Gyn\u00e4kologische Endokrinologie und Reproduktionsmedizin<br><strong>Gyn A.R.T. AG<\/strong><\/p>\n\n\n\n<p>Hardturmstrasse 130<br>CH-8005 Z\u00fcrich<\/p>\n\n\n\n<p><a href=\"mailto:margarethe.rossmanith@gmx.de\">margarethe.rossmanith@gmx.de<\/a><\/p>\n<\/div>\n<\/div>\n<\/div>\n<\/div>\n<\/div>\n\n\n\n<div class=\"wp-block-group alignfull is-style-default has-global-padding is-layout-constrained wp-container-core-group-is-layout-80a5842d wp-block-group-is-layout-constrained\" style=\"min-height:0vh;margin-top:0;margin-bottom:0;padding-top:var(--wp--preset--spacing--50);padding-right:var(--wp--preset--spacing--80);padding-bottom:var(--wp--preset--spacing--50);padding-left:var(--wp--preset--spacing--80)\">\n<div class=\"wp-block-columns alignwide are-vertically-aligned-center is-layout-flex wp-container-core-columns-is-layout-28232c24 wp-block-columns-is-layout-flex\">\n<div class=\"wp-block-column is-vertically-aligned-center is-layout-flow wp-block-column-is-layout-flow\">\n<figure class=\"wp-block-image aligncenter size-full is-resized\"><img loading=\"lazy\" decoding=\"async\" width=\"605\" height=\"806\" src=\"https:\/\/menopause.projecttac.com\/wp-content\/uploads\/2026\/01\/BlickenstorferK-edited-1.jpg\" alt=\"\" class=\"wp-image-592\" style=\"aspect-ratio:0.7500000210369341;width:292px;height:auto\" srcset=\"https:\/\/menopause.projecttac.com\/wp-content\/uploads\/2026\/01\/BlickenstorferK-edited-1.jpg 605w, https:\/\/menopause.projecttac.com\/wp-content\/uploads\/2026\/01\/BlickenstorferK-edited-1-225x300.jpg 225w\" sizes=\"auto, (max-width: 605px) 100vw, 605px\" \/><\/figure>\n<\/div>\n\n\n\n<div class=\"wp-block-column is-vertically-aligned-center is-layout-flow wp-block-column-is-layout-flow\">\n<div class=\"wp-block-group is-vertical is-content-justification-stretch is-layout-flex wp-container-core-group-is-layout-353c4f5a wp-block-group-is-layout-flex\">\n<div class=\"wp-block-group has-global-padding is-layout-constrained wp-block-group-is-layout-constrained\">\n<div class=\"wp-block-group has-global-padding is-layout-constrained wp-block-group-is-layout-constrained\" style=\"padding-top:var(--wp--preset--spacing--30);padding-bottom:var(--wp--preset--spacing--30)\">\n<h3 class=\"wp-block-heading has-text-align-left\"><strong><strong>Dr. med. Kerstin Blickenstorfer<\/strong><\/strong><br>Tr\u00e9sorier<\/h3>\n\n\n\n<p>Fach\u00e4rztin Gyn\u00e4kologische Endokrinologie und Reproduktionsmedizin<br><strong>Gyn A.R.T. AG<\/strong><\/p>\n\n\n\n<p>Hardturmstrasse 130<br>CH-8005 Z\u00fcrich<\/p>\n\n\n\n<p><a href=\"mailto:kerstin.blickenstorfer@hin.ch\">kerstin.blickenstorfer@hin.ch<\/a><\/p>\n<\/div>\n<\/div>\n<\/div>\n<\/div>\n<\/div>\n<\/div>\n\n\n\n<div class=\"wp-block-group alignfull is-style-section-1 has-background has-global-padding is-layout-constrained wp-container-core-group-is-layout-80a5842d wp-block-group-is-layout-constrained is-style-section-1--3\" style=\"background-color:#ebebeb;min-height:0vh;margin-top:0;margin-bottom:0;padding-top:var(--wp--preset--spacing--50);padding-right:var(--wp--preset--spacing--80);padding-bottom:var(--wp--preset--spacing--50);padding-left:var(--wp--preset--spacing--80)\">\n<div class=\"wp-block-columns alignwide are-vertically-aligned-center is-layout-flex wp-container-core-columns-is-layout-28232c24 wp-block-columns-is-layout-flex\">\n<div class=\"wp-block-column is-vertically-aligned-center is-layout-flow wp-block-column-is-layout-flow\">\n<figure class=\"wp-block-image aligncenter size-full is-resized has-custom-border\"><img loading=\"lazy\" decoding=\"async\" width=\"449\" height=\"599\" src=\"https:\/\/menopause.projecttac.com\/wp-content\/uploads\/2026\/01\/Roth-edited.jpg\" alt=\"\" class=\"wp-image-594\" style=\"border-top-left-radius:0px;border-top-right-radius:100px;border-bottom-left-radius:100px;border-bottom-right-radius:0px;aspect-ratio:0.7495916473814539;width:292px;height:auto\" srcset=\"https:\/\/menopause.projecttac.com\/wp-content\/uploads\/2026\/01\/Roth-edited.jpg 449w, https:\/\/menopause.projecttac.com\/wp-content\/uploads\/2026\/01\/Roth-edited-225x300.jpg 225w\" sizes=\"auto, (max-width: 449px) 100vw, 449px\" \/><\/figure>\n<\/div>\n\n\n\n<div class=\"wp-block-column is-vertically-aligned-center is-layout-flow wp-block-column-is-layout-flow\">\n<div class=\"wp-block-group is-vertical is-content-justification-stretch is-layout-flex wp-container-core-group-is-layout-353c4f5a wp-block-group-is-layout-flex\">\n<div class=\"wp-block-group has-global-padding is-layout-constrained wp-block-group-is-layout-constrained\" style=\"padding-top:var(--wp--preset--spacing--30);padding-bottom:var(--wp--preset--spacing--30)\">\n<h3 class=\"wp-block-heading has-text-align-left\"><strong><strong>Dr. med. Mareike Roth-Hochreutener<\/strong><\/strong><br>Assesseure<\/h3>\n\n\n\n<p class=\"has-text-align-left\">Ober\u00e4rztin<br><strong>Klinik f\u00fcr Reproduktions-Endokrinologie<br>Universit\u00e4tsspital Z\u00fcrich<\/strong><\/p>\n\n\n\n<p>Frauenklinikstrasse 10<br>CH-8091 Z\u00fcrich<\/p>\n\n\n\n<p><a href=\"mailto:mareike.roth@usz.ch\">mareike.roth@usz.ch<\/a><\/p>\n<\/div>\n<\/div>\n<\/div>\n<\/div>\n<\/div>\n\n\n\n<div class=\"wp-block-group alignfull is-style-default has-global-padding is-layout-constrained wp-container-core-group-is-layout-80a5842d wp-block-group-is-layout-constrained\" style=\"min-height:0vh;margin-top:0;margin-bottom:0;padding-top:var(--wp--preset--spacing--50);padding-right:var(--wp--preset--spacing--80);padding-bottom:var(--wp--preset--spacing--50);padding-left:var(--wp--preset--spacing--80)\">\n<div class=\"wp-block-columns alignwide are-vertically-aligned-center is-layout-flex wp-container-core-columns-is-layout-28232c24 wp-block-columns-is-layout-flex\">\n<div class=\"wp-block-column is-vertically-aligned-center is-layout-flow wp-block-column-is-layout-flow\">\n<figure class=\"wp-block-image aligncenter size-full is-resized\"><img loading=\"lazy\" decoding=\"async\" width=\"286\" height=\"381\" src=\"https:\/\/menopause.projecttac.com\/wp-content\/uploads\/2024\/12\/Merki2016_HP_final.jpg\" alt=\"\" class=\"wp-image-202\" style=\"aspect-ratio:0.7500000210369341;width:286px;height:auto\" srcset=\"https:\/\/menopause.projecttac.com\/wp-content\/uploads\/2024\/12\/Merki2016_HP_final.jpg 286w, https:\/\/menopause.projecttac.com\/wp-content\/uploads\/2024\/12\/Merki2016_HP_final-225x300.jpg 225w\" sizes=\"auto, (max-width: 286px) 100vw, 286px\" \/><\/figure>\n<\/div>\n\n\n\n<div class=\"wp-block-column is-vertically-aligned-center is-layout-flow wp-block-column-is-layout-flow\">\n<div class=\"wp-block-group is-vertical is-content-justification-stretch is-layout-flex wp-container-core-group-is-layout-353c4f5a wp-block-group-is-layout-flex\">\n<div class=\"wp-block-group has-global-padding is-layout-constrained wp-block-group-is-layout-constrained\" style=\"padding-top:var(--wp--preset--spacing--30);padding-bottom:var(--wp--preset--spacing--30)\">\n<h3 class=\"wp-block-heading has-text-align-left\"><strong><strong>Prof. em. Dr. med. Gabriele Merki-Feld<\/strong><\/strong><br>Assesseure<\/h3>\n\n\n\n<p><strong>Klinik f\u00fcr Reproduktions-Endokrinologie<br>Universit\u00e4tsspital Z\u00fcrich<\/strong><\/p>\n\n\n\n<p>Frauenklinikstrasse 10<br>CH-8091 Z\u00fcrich<\/p>\n<\/div>\n<\/div>\n<\/div>\n<\/div>\n<\/div>\n\n\n\n<div class=\"wp-block-group alignfull is-style-section-1 has-background has-global-padding is-layout-constrained wp-container-core-group-is-layout-80a5842d wp-block-group-is-layout-constrained is-style-section-1--4\" style=\"background-color:#ebebeb;min-height:0vh;margin-top:0;margin-bottom:0;padding-top:var(--wp--preset--spacing--50);padding-right:var(--wp--preset--spacing--80);padding-bottom:var(--wp--preset--spacing--50);padding-left:var(--wp--preset--spacing--80)\">\n<div class=\"wp-block-columns alignwide are-vertically-aligned-center is-layout-flex wp-container-core-columns-is-layout-28232c24 wp-block-columns-is-layout-flex\">\n<div class=\"wp-block-column is-vertically-aligned-center is-layout-flow wp-block-column-is-layout-flow\">\n<figure class=\"wp-block-image aligncenter size-large is-resized\"><img loading=\"lazy\" decoding=\"async\" width=\"469\" height=\"625\" src=\"https:\/\/menopause.projecttac.com\/wp-content\/uploads\/2026\/01\/pape-1-edited.webp\" alt=\"\" class=\"wp-image-601\" style=\"aspect-ratio:0.7503971934818422;width:295px;height:auto\" srcset=\"https:\/\/menopause.projecttac.com\/wp-content\/uploads\/2026\/01\/pape-1-edited.webp 469w, https:\/\/menopause.projecttac.com\/wp-content\/uploads\/2026\/01\/pape-1-edited-225x300.webp 225w\" sizes=\"auto, (max-width: 469px) 100vw, 469px\" \/><\/figure>\n<\/div>\n\n\n\n<div class=\"wp-block-column is-vertically-aligned-center is-layout-flow wp-block-column-is-layout-flow\">\n<div class=\"wp-block-group is-vertical is-content-justification-stretch is-layout-flex wp-container-core-group-is-layout-353c4f5a wp-block-group-is-layout-flex\">\n<div class=\"wp-block-group has-global-padding is-layout-constrained wp-block-group-is-layout-constrained\" style=\"padding-top:var(--wp--preset--spacing--30);padding-bottom:var(--wp--preset--spacing--30)\">\n<h3 class=\"wp-block-heading has-text-align-left\"><strong><strong>Dr. med. Janna Pape<\/strong><\/strong><br>Assesseure<\/h3>\n\n\n\n<p class=\"has-text-align-left\">Ober\u00e4rztin<br>Abt. Gyn\u00e4kologische Endokrinologie und Reproduktionsmedizin<strong><br><strong>Universit\u00e4tsklinik f\u00fcr Frauenheilkunde<\/strong><br><strong>Inselspital Bern<\/strong><\/strong><\/p>\n\n\n\n<p>Friedb\u00fchlstrasse 19<br>CH-3010 Bern, Schweiz<\/p>\n\n\n\n<p><a href=\"mailto:janna.pape@insel.ch\">janna.pape@insel.ch<\/a><\/p>\n<\/div>\n<\/div>\n<\/div>\n<\/div>\n<\/div>\n\n\n\n<div class=\"wp-block-group alignfull is-style-default has-global-padding is-layout-constrained wp-container-core-group-is-layout-80a5842d wp-block-group-is-layout-constrained\" style=\"min-height:0vh;margin-top:0;margin-bottom:0;padding-top:var(--wp--preset--spacing--50);padding-right:var(--wp--preset--spacing--80);padding-bottom:var(--wp--preset--spacing--50);padding-left:var(--wp--preset--spacing--80)\">\n<div class=\"wp-block-columns alignwide are-vertically-aligned-center is-layout-flex wp-container-core-columns-is-layout-28232c24 wp-block-columns-is-layout-flex\">\n<div class=\"wp-block-column is-vertically-aligned-center is-layout-flow wp-block-column-is-layout-flow\">\n<figure class=\"wp-block-image aligncenter size-full is-resized\"><img loading=\"lazy\" decoding=\"async\" width=\"294\" height=\"392\" src=\"https:\/\/menopause.projecttac.com\/wp-content\/uploads\/2026\/01\/Dr._Nicola_Pluchino_HP_final-edited.jpg\" alt=\"\" class=\"wp-image-602\" style=\"aspect-ratio:0.7500000210369341;width:295px;height:auto\" srcset=\"https:\/\/menopause.projecttac.com\/wp-content\/uploads\/2026\/01\/Dr._Nicola_Pluchino_HP_final-edited.jpg 294w, https:\/\/menopause.projecttac.com\/wp-content\/uploads\/2026\/01\/Dr._Nicola_Pluchino_HP_final-edited-225x300.jpg 225w\" sizes=\"auto, (max-width: 294px) 100vw, 294px\" \/><\/figure>\n<\/div>\n\n\n\n<div class=\"wp-block-column is-vertically-aligned-center is-layout-flow wp-block-column-is-layout-flow\">\n<div class=\"wp-block-group is-vertical is-content-justification-stretch is-layout-flex wp-container-core-group-is-layout-353c4f5a wp-block-group-is-layout-flex\">\n<div class=\"wp-block-group has-global-padding is-layout-constrained wp-block-group-is-layout-constrained\" style=\"padding-top:var(--wp--preset--spacing--30);padding-bottom:var(--wp--preset--spacing--30)\">\n<h3 class=\"wp-block-heading has-text-align-left\"><strong><strong>Dr. med. Nicola Pluchino<\/strong><\/strong><br>Assesseur<\/h3>\n\n\n\n<p>Head of the Fertility Medicine and Gynaecological <br>Endorcinology Unit<br><strong>CHUV Maternity Unit<\/strong><\/p>\n\n\n\n<p>Avenue Pierre-Decker 2<br>CH-1011 Lausanne<\/p>\n\n\n\n<p><a href=\"mailto:Nicola.Pluchino@chuv.ch\">Nicola.Pluchino@chuv.ch<\/a><\/p>\n<\/div>\n<\/div>\n<\/div>\n<\/div>\n<\/div>\n\n\n\n<div class=\"wp-block-group alignfull is-style-section-1 has-background has-global-padding is-layout-constrained wp-container-core-group-is-layout-80a5842d wp-block-group-is-layout-constrained is-style-section-1--5\" style=\"background-color:#ebebeb;min-height:0vh;margin-top:0;margin-bottom:0;padding-top:var(--wp--preset--spacing--50);padding-right:var(--wp--preset--spacing--80);padding-bottom:var(--wp--preset--spacing--50);padding-left:var(--wp--preset--spacing--80)\">\n<div class=\"wp-block-columns alignwide are-vertically-aligned-center is-layout-flex wp-container-core-columns-is-layout-28232c24 wp-block-columns-is-layout-flex\">\n<div class=\"wp-block-column is-vertically-aligned-center is-layout-flow wp-block-column-is-layout-flow\">\n<figure class=\"wp-block-image aligncenter size-full is-resized\"><img loading=\"lazy\" decoding=\"async\" width=\"293\" height=\"413\" src=\"https:\/\/menopause.projecttac.com\/wp-content\/uploads\/2024\/12\/Michal_Yaron_HP_final-3.jpg\" alt=\"\" class=\"wp-image-205\" style=\"aspect-ratio:0.7094438386533638;width:286px;height:auto\" srcset=\"https:\/\/menopause.projecttac.com\/wp-content\/uploads\/2024\/12\/Michal_Yaron_HP_final-3.jpg 293w, https:\/\/menopause.projecttac.com\/wp-content\/uploads\/2024\/12\/Michal_Yaron_HP_final-3-213x300.jpg 213w\" sizes=\"auto, (max-width: 293px) 100vw, 293px\" \/><\/figure>\n<\/div>\n\n\n\n<div class=\"wp-block-column is-vertically-aligned-center is-layout-flow wp-block-column-is-layout-flow\">\n<div class=\"wp-block-group is-vertical is-content-justification-stretch is-layout-flex wp-container-core-group-is-layout-353c4f5a wp-block-group-is-layout-flex\">\n<div class=\"wp-block-group has-global-padding is-layout-constrained wp-block-group-is-layout-constrained\" style=\"padding-top:var(--wp--preset--spacing--30);padding-bottom:var(--wp--preset--spacing--30)\">\n<h3 class=\"wp-block-heading has-text-align-left\"><strong><strong>CC PD DRE Michal Yaron<\/strong><\/strong><br>Assesseure<\/h3>\n\n\n\n<p class=\"has-text-align-left\">M\u00e9decin Adjointe agr\u00e9g\u00e9e<br>Responsable d\u2019unit\u00e9 policlinique de gyn\u00e9cologie.<br>Responsable des consultations de gyn\u00e9cologie p\u00e9diatrique et des adolescentes<br><strong>D\u00e9partement de la femme, de l\u2019enfant et de l\u2019adolescent<\/strong><br><strong>H\u00f4pitaux Universitaire de Gen\u00e8ve<\/strong><\/p>\n\n\n\n<p>Rue Willy Donz\u00e9 6<br>CH-1211 Gen\u00e8ve 14<\/p>\n\n\n\n<p><a href=\"mailto:michal.yaron@hcuge.ch\">michal.yaron@hcuge.ch<\/a><\/p>\n<\/div>\n<\/div>\n<\/div>\n<\/div>\n<\/div>\n\n\n\n<p><\/p>\n","protected":false},"excerpt":{"rendered":"<p>Le comit\u00e9 directeur est compos\u00e9 des membres suivants: Dr. med. Susanna WeidlingerPr\u00e9sidente Ober\u00e4rztinAbt. Gyn\u00e4kologische Endokrinologie und ReproduktionsmedizinUniversit\u00e4tsklinik f\u00fcr FrauenheilkundeInselspital Bern Friedb\u00fchlstrasse 19CH-3010 Bern, Schweiz susanna.weidlinger@insel.ch Dr. med. Ursula Gobrecht-KellerVice-pr\u00e9sidente Leiterin (ad interim) und Kader\u00e4rztinInstitut f\u00fcr Reproduktionsmedizin und gyn\u00e4kologische EndokrinologieUniversit\u00e4t Basel Vogesenstrasse 134CH-4031 Basel ursula.gobrecht@usb.ch Dr. med. Margarethe Rossmanith-HalderSecr\u00e9taire Fach\u00e4rztin Gyn\u00e4kologische Endokrinologie und ReproduktionsmedizinGyn A.R.T. AG [&hellip;]<\/p>\n","protected":false},"author":2,"featured_media":0,"parent":0,"menu_order":800,"comment_status":"closed","ping_status":"closed","template":"","meta":{"footnotes":""},"class_list":["post-16","page","type-page","status-publish","hentry"],"_links":{"self":[{"href":"https:\/\/menopause.projecttac.com\/fr\/wp-json\/wp\/v2\/pages\/16","targetHints":{"allow":["GET"]}}],"collection":[{"href":"https:\/\/menopause.projecttac.com\/fr\/wp-json\/wp\/v2\/pages"}],"about":[{"href":"https:\/\/menopause.projecttac.com\/fr\/wp-json\/wp\/v2\/types\/page"}],"author":[{"embeddable":true,"href":"https:\/\/menopause.projecttac.com\/fr\/wp-json\/wp\/v2\/users\/2"}],"replies":[{"embeddable":true,"href":"https:\/\/menopause.projecttac.com\/fr\/wp-json\/wp\/v2\/comments?post=16"}],"version-history":[{"count":43,"href":"https:\/\/menopause.projecttac.com\/fr\/wp-json\/wp\/v2\/pages\/16\/revisions"}],"predecessor-version":[{"id":1506,"href":"https:\/\/menopause.projecttac.com\/fr\/wp-json\/wp\/v2\/pages\/16\/revisions\/1506"}],"wp:attachment":[{"href":"https:\/\/menopause.projecttac.com\/fr\/wp-json\/wp\/v2\/media?parent=16"}],"curies":[{"name":"wp","href":"https:\/\/api.w.org\/{rel}","templated":true}]}}